{"id":2033,"date":"2018-01-11T12:19:08","date_gmt":"2018-01-11T10:19:08","guid":{"rendered":"http:\/\/foinikounda.gr\/?page_id=2033"},"modified":"2018-04-05T01:12:43","modified_gmt":"2018-04-04T22:12:43","slug":"doerfer-und-sehenswuerdigkeiten","status":"publish","type":"page","link":"https:\/\/www.chamaloni.gr\/de\/doerfer-und-sehenswuerdigkeiten\/","title":{"rendered":"D\u00f6rfer und Sehensw\u00fcrdigkeiten"},"content":{"rendered":"<h4><strong> \u201e<\/strong>Mistraki<strong>\u201c ist<\/strong> ein<strong> traditionelles D\u00f6rflein mit natursteingepflasterten Wegen, einem malerischen Dorfplatz, einer Quelle mit kaltem, klarem Wasser, Zitrusb\u00e4umen und einer kleinen Kirche. Es ist staatlicherseits als \u201etraditionelle Siedlung\u201c gekennzeichnet, weil dort die althergebrachte Bauweise an den liebevoll restaurierten und in Stand gehaltenen Bauernh\u00e4usern aufs Beste zu studieren ist. Man glaubt, dass sich der Name \u201eMistraki\u201c (kleines Mistra) auf das ber\u00fchmte \u201eMistra\u201c zur\u00fcckleiten l\u00e4sst. Es ist nicht touristisch erschlossen und nur noch wenige H\u00e4user sind st\u00e4ndig bewohnt. Es gibt kein Kafenion (traditionelles Caf\u00e9) und kein Gemischtwarenladen, so wie in den meisten anderen D\u00f6rfern. Da ist es, als sei die Zeit im 19. Jahrhundert stehen geblieben&#8230;<\/strong><\/h4>\n<h4><strong> \u201ePolylimnio\u201c \u2013 es handelt sich um eine gr\u00fcne, \u00fcppig bewachsene Schlucht mit naturlichen Quellen und Wasserf\u00e4llen, die sie treppenartig abfallend in kleine t\u00fcrkisgr\u00fcne Seen ergie\u00dfen, ges\u00e4umt von Pfaden, die \u00fcber Steine und Felsen f\u00fchren, trotzdem aber relativ leicht erreichbar und begehbar sind, bis auf den letzten, oberen, gro\u00dfen Wasserfall, der sich in den See \u201eKadoula\u201c ergie\u00dft. Bei sehr hei\u00dfem Sommerwetter bieten die eiskalten W\u00e4sser des Sees eine wahrhaft erfrischende Badem\u00f6glichkeit. Auch \u201ePolylimnio\u201c ist auf jeden Fall einen Ausflug wert. Kurz hinter dem Dorf <\/strong><\/h4>\n<h4><strong>\u201eGialova\u201c, einen Feldweg ohne besonderen Schwierigkeitsgrad einschlagend, beginnt bald ein nat\u00fcrlicher Pfad, der zu einer Naturoase f\u00fchrt, die vollkommen verborgen vom Weg aus ist. Die Landschaft \u00e4ndert sich etappenweise und nach ca. 15 Minuten Fu\u00dfweg anf\u00e4nglich durch Olivenhaine zieht sich der Pfad an Bambusw\u00e4ldchen und Platanen vorbei bis zu<\/strong>m Wasserfall \u201eKamari\u201c, unbekannt den meisten und wundersch\u00f6n! Sie werden au\u00dferdem begeistert sein vom romantischen<\/h4>\n<h4>\u201eKoroni\u201c, das an einen Inselhafen erinnert und \u00fcberragt und gekr\u00f6nt wird von seiner venezianischen Burganlage sowie der Kirche \u201ePanagia Eleistria\u201c mit einem zauberhaften Ausblick aufs Meer. 15 Minuten von unseren Ferienh\u00e4usern entfernt, befindet sich auch<\/h4>\n<h4>\u201eMethoni\u201c mit seiner venezianischen Burganlage dem \u201eBourtsi\u201c und der traumhaften Rundumaussicht aufs Meer. Das amphitheaterhaft angelegte<\/h4>\n<h4>\u201ePilos\u201c mit seinem nat\u00fcrlichen Hafen \u2013 bakannt f\u00fcr die Seeschlacht von Navarino \u2013 mit reicher arch\u00e4ologischen Geschichte, dem Nestorpalast, seiner eindrucksvollen Burganlage und seiner gro\u00dfen, von Platanen \u00fcberschatteten \u201ePlatia\u201c wird Sie sicher gewinnen! Schlie\u00dflich:<\/h4>\n<h4><strong>\u201eFinikounda\u201c, das kleine aber sehr ber\u00fchmte Fischerdorf mit seinen vielen Tavernen und seinem sch\u00f6nen \u2013 im Sommer sehr stark besuchten \u2013 Strand, der sich jedoch im Fr\u00fchling und Herbst f\u00fcr entspannte Spazierg\u00e4nge am Meer entlang ideal eignet und zum Genuss frischer Fischgerichte und \u201eMesedes\u201c in einer seiner kleinen Tavernen einl\u00e4dt.<\/strong><\/h4>\n<div id='gallery-1' class='gallery galleryid-2033 gallery-columns-3 gallery-size-thumbnail'><figure class='gallery-item'>\n\t\t\t<div class='gallery-icon landscape'>\n\t\t\t\t<a href='https:\/\/www.chamaloni.gr\/wp-content\/uploads\/2017\/08\/chamaloni-pylos-messinia-cottages.jpg' data-lightbox=\"gal[2033]\"><img decoding=\"async\" width=\"150\" height=\"150\" src=\"https:\/\/www.chamaloni.gr\/wp-content\/uploads\/2017\/08\/chamaloni-pylos-messinia-cottages-150x150.jpg\" class=\"attachment-thumbnail size-thumbnail\" alt=\"\" srcset=\"https:\/\/www.chamaloni.gr\/wp-content\/uploads\/2017\/08\/chamaloni-pylos-messinia-cottages-150x150.jpg 150w, https:\/\/www.chamaloni.gr\/wp-content\/uploads\/2017\/08\/chamaloni-pylos-messinia-cottages-300x300.jpg 300w, https:\/\/www.chamaloni.gr\/wp-content\/uploads\/2017\/08\/chamaloni-pylos-messinia-cottages-100x100.jpg 100w, https:\/\/www.chamaloni.gr\/wp-content\/uploads\/2017\/08\/chamaloni-pylos-messinia-cottages.jpg 480w\" sizes=\"(max-width: 150px) 100vw, 150px\" \/><\/a>\n\t\t\t<\/div><\/figure><figure class='gallery-item'>\n\t\t\t<div class='gallery-icon portrait'>\n\t\t\t\t<a href='https:\/\/www.chamaloni.gr\/wp-content\/uploads\/2017\/08\/finikounda-chamaloni-nature.jpg' data-lightbox=\"gal[2033]\"><img decoding=\"async\" width=\"150\" height=\"150\" src=\"https:\/\/www.chamaloni.gr\/wp-content\/uploads\/2017\/08\/finikounda-chamaloni-nature-150x150.jpg\" class=\"attachment-thumbnail size-thumbnail\" alt=\"\" srcset=\"https:\/\/www.chamaloni.gr\/wp-content\/uploads\/2017\/08\/finikounda-chamaloni-nature-150x150.jpg 150w, https:\/\/www.chamaloni.gr\/wp-content\/uploads\/2017\/08\/finikounda-chamaloni-nature-100x100.jpg 100w\" sizes=\"(max-width: 150px) 100vw, 150px\" \/><\/a>\n\t\t\t<\/div><\/figure><figure class='gallery-item'>\n\t\t\t<div class='gallery-icon landscape'>\n\t\t\t\t<a href='https:\/\/www.chamaloni.gr\/wp-content\/uploads\/2017\/08\/finikounda-chamaloni-view-2.jpg' data-lightbox=\"gal[2033]\"><img decoding=\"async\" width=\"150\" height=\"150\" src=\"https:\/\/www.chamaloni.gr\/wp-content\/uploads\/2017\/08\/finikounda-chamaloni-view-2-150x150.jpg\" class=\"attachment-thumbnail size-thumbnail\" alt=\"\" srcset=\"https:\/\/www.chamaloni.gr\/wp-content\/uploads\/2017\/08\/finikounda-chamaloni-view-2-150x150.jpg 150w, https:\/\/www.chamaloni.gr\/wp-content\/uploads\/2017\/08\/finikounda-chamaloni-view-2-100x100.jpg 100w\" sizes=\"(max-width: 150px) 100vw, 150px\" \/><\/a>\n\t\t\t<\/div><\/figure><figure class='gallery-item'>\n\t\t\t<div class='gallery-icon landscape'>\n\t\t\t\t<a href='https:\/\/www.chamaloni.gr\/wp-content\/uploads\/2017\/08\/finikounda-koroni-sea-view.jpg' data-lightbox=\"gal[2033]\"><img loading=\"lazy\" decoding=\"async\" width=\"150\" height=\"150\" src=\"https:\/\/www.chamaloni.gr\/wp-content\/uploads\/2017\/08\/finikounda-koroni-sea-view-150x150.jpg\" class=\"attachment-thumbnail size-thumbnail\" alt=\"Messinian village\" srcset=\"https:\/\/www.chamaloni.gr\/wp-content\/uploads\/2017\/08\/finikounda-koroni-sea-view-150x150.jpg 150w, https:\/\/www.chamaloni.gr\/wp-content\/uploads\/2017\/08\/finikounda-koroni-sea-view-100x100.jpg 100w\" sizes=\"(max-width: 150px) 100vw, 150px\" \/><\/a>\n\t\t\t<\/div><\/figure><figure class='gallery-item'>\n\t\t\t<div class='gallery-icon landscape'>\n\t\t\t\t<a href='https:\/\/www.chamaloni.gr\/wp-content\/uploads\/2017\/08\/finikounda-koroni-view.jpg' data-lightbox=\"gal[2033]\"><img loading=\"lazy\" decoding=\"async\" width=\"150\" height=\"150\" src=\"https:\/\/www.chamaloni.gr\/wp-content\/uploads\/2017\/08\/finikounda-koroni-view-150x150.jpg\" class=\"attachment-thumbnail size-thumbnail\" alt=\"Messinian village\" srcset=\"https:\/\/www.chamaloni.gr\/wp-content\/uploads\/2017\/08\/finikounda-koroni-view-150x150.jpg 150w, https:\/\/www.chamaloni.gr\/wp-content\/uploads\/2017\/08\/finikounda-koroni-view-100x100.jpg 100w\" sizes=\"(max-width: 150px) 100vw, 150px\" \/><\/a>\n\t\t\t<\/div><\/figure><figure class='gallery-item'>\n\t\t\t<div class='gallery-icon landscape'>\n\t\t\t\t<a href='https:\/\/www.chamaloni.gr\/wp-content\/uploads\/2017\/08\/finikounda-koroni-view-2.jpg' data-lightbox=\"gal[2033]\"><img loading=\"lazy\" decoding=\"async\" width=\"150\" height=\"150\" src=\"https:\/\/www.chamaloni.gr\/wp-content\/uploads\/2017\/08\/finikounda-koroni-view-2-150x150.jpg\" class=\"attachment-thumbnail size-thumbnail\" alt=\"\" srcset=\"https:\/\/www.chamaloni.gr\/wp-content\/uploads\/2017\/08\/finikounda-koroni-view-2-150x150.jpg 150w, https:\/\/www.chamaloni.gr\/wp-content\/uploads\/2017\/08\/finikounda-koroni-view-2-100x100.jpg 100w\" sizes=\"(max-width: 150px) 100vw, 150px\" \/><\/a>\n\t\t\t<\/div><\/figure><figure class='gallery-item'>\n\t\t\t<div class='gallery-icon landscape'>\n\t\t\t\t<a href='https:\/\/www.chamaloni.gr\/wp-content\/uploads\/2017\/08\/finikounda-mistraki-village-2.jpg' data-lightbox=\"gal[2033]\"><img loading=\"lazy\" decoding=\"async\" width=\"150\" height=\"150\" src=\"https:\/\/www.chamaloni.gr\/wp-content\/uploads\/2017\/08\/finikounda-mistraki-village-2-150x150.jpg\" class=\"attachment-thumbnail size-thumbnail\" alt=\"\" srcset=\"https:\/\/www.chamaloni.gr\/wp-content\/uploads\/2017\/08\/finikounda-mistraki-village-2-150x150.jpg 150w, https:\/\/www.chamaloni.gr\/wp-content\/uploads\/2017\/08\/finikounda-mistraki-village-2-100x100.jpg 100w\" sizes=\"(max-width: 150px) 100vw, 150px\" \/><\/a>\n\t\t\t<\/div><\/figure><figure class='gallery-item'>\n\t\t\t<div class='gallery-icon portrait'>\n\t\t\t\t<a href='https:\/\/www.chamaloni.gr\/wp-content\/uploads\/2017\/08\/finikounda-mistraki-village-3.jpg' data-lightbox=\"gal[2033]\"><img loading=\"lazy\" decoding=\"async\" width=\"150\" height=\"150\" src=\"https:\/\/www.chamaloni.gr\/wp-content\/uploads\/2017\/08\/finikounda-mistraki-village-3-150x150.jpg\" class=\"attachment-thumbnail size-thumbnail\" alt=\"\" srcset=\"https:\/\/www.chamaloni.gr\/wp-content\/uploads\/2017\/08\/finikounda-mistraki-village-3-150x150.jpg 150w, https:\/\/www.chamaloni.gr\/wp-content\/uploads\/2017\/08\/finikounda-mistraki-village-3-100x100.jpg 100w\" sizes=\"(max-width: 150px) 100vw, 150px\" \/><\/a>\n\t\t\t<\/div><\/figure><figure class='gallery-item'>\n\t\t\t<div class='gallery-icon landscape'>\n\t\t\t\t<a href='https:\/\/www.chamaloni.gr\/wp-content\/uploads\/2017\/08\/finikounda-mistraki-village-4.jpg' data-lightbox=\"gal[2033]\"><img loading=\"lazy\" decoding=\"async\" width=\"150\" height=\"150\" src=\"https:\/\/www.chamaloni.gr\/wp-content\/uploads\/2017\/08\/finikounda-mistraki-village-4-150x150.jpg\" class=\"attachment-thumbnail size-thumbnail\" alt=\"\" srcset=\"https:\/\/www.chamaloni.gr\/wp-content\/uploads\/2017\/08\/finikounda-mistraki-village-4-150x150.jpg 150w, https:\/\/www.chamaloni.gr\/wp-content\/uploads\/2017\/08\/finikounda-mistraki-village-4-100x100.jpg 100w\" sizes=\"(max-width: 150px) 100vw, 150px\" \/><\/a>\n\t\t\t<\/div><\/figure><figure class='gallery-item'>\n\t\t\t<div class='gallery-icon landscape'>\n\t\t\t\t<a href='https:\/\/www.chamaloni.gr\/wp-content\/uploads\/2017\/08\/koroni-castle-view.jpg' data-lightbox=\"gal[2033]\"><img loading=\"lazy\" decoding=\"async\" width=\"150\" height=\"150\" src=\"https:\/\/www.chamaloni.gr\/wp-content\/uploads\/2017\/08\/koroni-castle-view-150x150.jpg\" class=\"attachment-thumbnail size-thumbnail\" alt=\"Messinian village\" aria-describedby=\"gallery-1-1401\" srcset=\"https:\/\/www.chamaloni.gr\/wp-content\/uploads\/2017\/08\/koroni-castle-view-150x150.jpg 150w, https:\/\/www.chamaloni.gr\/wp-content\/uploads\/2017\/08\/koroni-castle-view-100x100.jpg 100w\" sizes=\"(max-width: 150px) 100vw, 150px\" \/><\/a>\n\t\t\t<\/div>\n\t\t\t\t<figcaption class='wp-caption-text gallery-caption' id='gallery-1-1401'>\n\t\t\t\tOLYMPUS DIGITAL CAMERA\n\t\t\t\t<\/figcaption><\/figure><figure class='gallery-item'>\n\t\t\t<div class='gallery-icon landscape'>\n\t\t\t\t<a href='https:\/\/www.chamaloni.gr\/wp-content\/uploads\/2017\/08\/messinia-chamaloni-pylos-nature.jpg' data-lightbox=\"gal[2033]\"><img loading=\"lazy\" decoding=\"async\" width=\"150\" height=\"150\" src=\"https:\/\/www.chamaloni.gr\/wp-content\/uploads\/2017\/08\/messinia-chamaloni-pylos-nature-150x150.jpg\" class=\"attachment-thumbnail size-thumbnail\" alt=\"Messinian village\" srcset=\"https:\/\/www.chamaloni.gr\/wp-content\/uploads\/2017\/08\/messinia-chamaloni-pylos-nature-150x150.jpg 150w, https:\/\/www.chamaloni.gr\/wp-content\/uploads\/2017\/08\/messinia-chamaloni-pylos-nature-300x300.jpg 300w, https:\/\/www.chamaloni.gr\/wp-content\/uploads\/2017\/08\/messinia-chamaloni-pylos-nature-100x100.jpg 100w, https:\/\/www.chamaloni.gr\/wp-content\/uploads\/2017\/08\/messinia-chamaloni-pylos-nature.jpg 480w\" sizes=\"(max-width: 150px) 100vw, 150px\" \/><\/a>\n\t\t\t<\/div><\/figure><figure class='gallery-item'>\n\t\t\t<div class='gallery-icon landscape'>\n\t\t\t\t<a href='https:\/\/www.chamaloni.gr\/wp-content\/uploads\/2017\/08\/mystraki-village-finikounda.jpg' data-lightbox=\"gal[2033]\"><img loading=\"lazy\" decoding=\"async\" width=\"150\" height=\"150\" src=\"https:\/\/www.chamaloni.gr\/wp-content\/uploads\/2017\/08\/mystraki-village-finikounda-150x150.jpg\" class=\"attachment-thumbnail size-thumbnail\" alt=\"Messinian village\" srcset=\"https:\/\/www.chamaloni.gr\/wp-content\/uploads\/2017\/08\/mystraki-village-finikounda-150x150.jpg 150w, https:\/\/www.chamaloni.gr\/wp-content\/uploads\/2017\/08\/mystraki-village-finikounda-100x100.jpg 100w\" sizes=\"(max-width: 150px) 100vw, 150px\" \/><\/a>\n\t\t\t<\/div><\/figure><figure class='gallery-item'>\n\t\t\t<div class='gallery-icon landscape'>\n\t\t\t\t<a href='https:\/\/www.chamaloni.gr\/wp-content\/uploads\/2017\/08\/pylos-port-view.jpg' data-lightbox=\"gal[2033]\"><img loading=\"lazy\" decoding=\"async\" width=\"150\" height=\"150\" src=\"https:\/\/www.chamaloni.gr\/wp-content\/uploads\/2017\/08\/pylos-port-view-150x150.jpg\" class=\"attachment-thumbnail size-thumbnail\" alt=\"Messinian village\" aria-describedby=\"gallery-1-1431\" srcset=\"https:\/\/www.chamaloni.gr\/wp-content\/uploads\/2017\/08\/pylos-port-view-150x150.jpg 150w, https:\/\/www.chamaloni.gr\/wp-content\/uploads\/2017\/08\/pylos-port-view-100x100.jpg 100w\" sizes=\"(max-width: 150px) 100vw, 150px\" \/><\/a>\n\t\t\t<\/div>\n\t\t\t\t<figcaption class='wp-caption-text gallery-caption' id='gallery-1-1431'>\n\t\t\t\tOLYMPUS DIGITAL CAMERA\n\t\t\t\t<\/figcaption><\/figure><figure class='gallery-item'>\n\t\t\t<div class='gallery-icon landscape'>\n\t\t\t\t<a href='https:\/\/www.chamaloni.gr\/wp-content\/uploads\/2017\/08\/chamaloni-pylos-messinia-cottages-1.jpg' data-lightbox=\"gal[2033]\"><img loading=\"lazy\" decoding=\"async\" width=\"150\" height=\"150\" src=\"https:\/\/www.chamaloni.gr\/wp-content\/uploads\/2017\/08\/chamaloni-pylos-messinia-cottages-1-150x150.jpg\" class=\"attachment-thumbnail size-thumbnail\" alt=\"Messinian village\" srcset=\"https:\/\/www.chamaloni.gr\/wp-content\/uploads\/2017\/08\/chamaloni-pylos-messinia-cottages-1-150x150.jpg 150w, https:\/\/www.chamaloni.gr\/wp-content\/uploads\/2017\/08\/chamaloni-pylos-messinia-cottages-1-300x300.jpg 300w, https:\/\/www.chamaloni.gr\/wp-content\/uploads\/2017\/08\/chamaloni-pylos-messinia-cottages-1-768x768.jpg 768w, https:\/\/www.chamaloni.gr\/wp-content\/uploads\/2017\/08\/chamaloni-pylos-messinia-cottages-1-100x100.jpg 100w, https:\/\/www.chamaloni.gr\/wp-content\/uploads\/2017\/08\/chamaloni-pylos-messinia-cottages-1-750x750.jpg 750w, https:\/\/www.chamaloni.gr\/wp-content\/uploads\/2017\/08\/chamaloni-pylos-messinia-cottages-1-555x555.jpg 555w, https:\/\/www.chamaloni.gr\/wp-content\/uploads\/2017\/08\/chamaloni-pylos-messinia-cottages-1.jpg 800w\" sizes=\"(max-width: 150px) 100vw, 150px\" \/><\/a>\n\t\t\t<\/div><\/figure><figure class='gallery-item'>\n\t\t\t<div class='gallery-icon portrait'>\n\t\t\t\t<a href='https:\/\/www.chamaloni.gr\/wp-content\/uploads\/2017\/08\/finikounda-chamaloni-nature-1.jpg' data-lightbox=\"gal[2033]\"><img loading=\"lazy\" decoding=\"async\" width=\"150\" height=\"150\" src=\"https:\/\/www.chamaloni.gr\/wp-content\/uploads\/2017\/08\/finikounda-chamaloni-nature-1-150x150.jpg\" class=\"attachment-thumbnail size-thumbnail\" alt=\"Messinian village\" srcset=\"https:\/\/www.chamaloni.gr\/wp-content\/uploads\/2017\/08\/finikounda-chamaloni-nature-1-150x150.jpg 150w, https:\/\/www.chamaloni.gr\/wp-content\/uploads\/2017\/08\/finikounda-chamaloni-nature-1-100x100.jpg 100w\" sizes=\"(max-width: 150px) 100vw, 150px\" \/><\/a>\n\t\t\t<\/div><\/figure><figure class='gallery-item'>\n\t\t\t<div class='gallery-icon landscape'>\n\t\t\t\t<a href='https:\/\/www.chamaloni.gr\/wp-content\/uploads\/2017\/08\/finikounda-chamaloni-sea-view-1.jpg' data-lightbox=\"gal[2033]\"><img loading=\"lazy\" decoding=\"async\" width=\"150\" height=\"150\" src=\"https:\/\/www.chamaloni.gr\/wp-content\/uploads\/2017\/08\/finikounda-chamaloni-sea-view-1-150x150.jpg\" class=\"attachment-thumbnail size-thumbnail\" alt=\"\" srcset=\"https:\/\/www.chamaloni.gr\/wp-content\/uploads\/2017\/08\/finikounda-chamaloni-sea-view-1-150x150.jpg 150w, https:\/\/www.chamaloni.gr\/wp-content\/uploads\/2017\/08\/finikounda-chamaloni-sea-view-1-100x100.jpg 100w\" sizes=\"(max-width: 150px) 100vw, 150px\" \/><\/a>\n\t\t\t<\/div><\/figure><figure class='gallery-item'>\n\t\t\t<div class='gallery-icon landscape'>\n\t\t\t\t<a href='https:\/\/www.chamaloni.gr\/wp-content\/uploads\/2017\/08\/finikounda-koroni-chamaloni-1.jpg' data-lightbox=\"gal[2033]\"><img loading=\"lazy\" decoding=\"async\" width=\"150\" height=\"150\" src=\"https:\/\/www.chamaloni.gr\/wp-content\/uploads\/2017\/08\/finikounda-koroni-chamaloni-1-150x150.jpg\" class=\"attachment-thumbnail size-thumbnail\" alt=\"Messinian village\" srcset=\"https:\/\/www.chamaloni.gr\/wp-content\/uploads\/2017\/08\/finikounda-koroni-chamaloni-1-150x150.jpg 150w, https:\/\/www.chamaloni.gr\/wp-content\/uploads\/2017\/08\/finikounda-koroni-chamaloni-1-100x100.jpg 100w\" sizes=\"(max-width: 150px) 100vw, 150px\" \/><\/a>\n\t\t\t<\/div><\/figure><figure class='gallery-item'>\n\t\t\t<div class='gallery-icon landscape'>\n\t\t\t\t<a href='https:\/\/www.chamaloni.gr\/wp-content\/uploads\/2017\/08\/finikounda-methoni-view-1.jpg' data-lightbox=\"gal[2033]\"><img loading=\"lazy\" decoding=\"async\" width=\"150\" height=\"150\" src=\"https:\/\/www.chamaloni.gr\/wp-content\/uploads\/2017\/08\/finikounda-methoni-view-1-150x150.jpg\" class=\"attachment-thumbnail size-thumbnail\" alt=\"Messinian village\" srcset=\"https:\/\/www.chamaloni.gr\/wp-content\/uploads\/2017\/08\/finikounda-methoni-view-1-150x150.jpg 150w, https:\/\/www.chamaloni.gr\/wp-content\/uploads\/2017\/08\/finikounda-methoni-view-1-100x100.jpg 100w\" sizes=\"(max-width: 150px) 100vw, 150px\" \/><\/a>\n\t\t\t<\/div><\/figure><figure class='gallery-item'>\n\t\t\t<div class='gallery-icon landscape'>\n\t\t\t\t<a href='https:\/\/www.chamaloni.gr\/wp-content\/uploads\/2017\/08\/finikounda-mistraki-village-1.jpg' data-lightbox=\"gal[2033]\"><img loading=\"lazy\" decoding=\"async\" width=\"150\" height=\"150\" src=\"https:\/\/www.chamaloni.gr\/wp-content\/uploads\/2017\/08\/finikounda-mistraki-village-1-150x150.jpg\" class=\"attachment-thumbnail size-thumbnail\" alt=\"Messinian village\" srcset=\"https:\/\/www.chamaloni.gr\/wp-content\/uploads\/2017\/08\/finikounda-mistraki-village-1-150x150.jpg 150w, https:\/\/www.chamaloni.gr\/wp-content\/uploads\/2017\/08\/finikounda-mistraki-village-1-100x100.jpg 100w\" sizes=\"(max-width: 150px) 100vw, 150px\" \/><\/a>\n\t\t\t<\/div><\/figure><figure class='gallery-item'>\n\t\t\t<div class='gallery-icon portrait'>\n\t\t\t\t<a href='https:\/\/www.chamaloni.gr\/wp-content\/uploads\/2017\/08\/finikounda-neda-river-2-1.jpg' data-lightbox=\"gal[2033]\"><img loading=\"lazy\" decoding=\"async\" width=\"150\" height=\"150\" src=\"https:\/\/www.chamaloni.gr\/wp-content\/uploads\/2017\/08\/finikounda-neda-river-2-1-150x150.jpg\" class=\"attachment-thumbnail size-thumbnail\" alt=\"Messinian village\" srcset=\"https:\/\/www.chamaloni.gr\/wp-content\/uploads\/2017\/08\/finikounda-neda-river-2-1-150x150.jpg 150w, https:\/\/www.chamaloni.gr\/wp-content\/uploads\/2017\/08\/finikounda-neda-river-2-1-100x100.jpg 100w\" sizes=\"(max-width: 150px) 100vw, 150px\" \/><\/a>\n\t\t\t<\/div><\/figure><figure class='gallery-item'>\n\t\t\t<div class='gallery-icon portrait'>\n\t\t\t\t<a href='https:\/\/www.chamaloni.gr\/wp-content\/uploads\/2017\/08\/finikounda-neda-river-1.jpg' data-lightbox=\"gal[2033]\"><img loading=\"lazy\" decoding=\"async\" width=\"150\" height=\"150\" src=\"https:\/\/www.chamaloni.gr\/wp-content\/uploads\/2017\/08\/finikounda-neda-river-1-150x150.jpg\" class=\"attachment-thumbnail size-thumbnail\" alt=\"Messinian village\" srcset=\"https:\/\/www.chamaloni.gr\/wp-content\/uploads\/2017\/08\/finikounda-neda-river-1-150x150.jpg 150w, https:\/\/www.chamaloni.gr\/wp-content\/uploads\/2017\/08\/finikounda-neda-river-1-100x100.jpg 100w\" sizes=\"(max-width: 150px) 100vw, 150px\" \/><\/a>\n\t\t\t<\/div><\/figure><figure class='gallery-item'>\n\t\t\t<div class='gallery-icon landscape'>\n\t\t\t\t<a href='https:\/\/www.chamaloni.gr\/wp-content\/uploads\/2017\/08\/koroni-castle-view-1.jpg' data-lightbox=\"gal[2033]\"><img loading=\"lazy\" decoding=\"async\" width=\"150\" height=\"150\" src=\"https:\/\/www.chamaloni.gr\/wp-content\/uploads\/2017\/08\/koroni-castle-view-1-150x150.jpg\" class=\"attachment-thumbnail size-thumbnail\" alt=\"\" srcset=\"https:\/\/www.chamaloni.gr\/wp-content\/uploads\/2017\/08\/koroni-castle-view-1-150x150.jpg 150w, https:\/\/www.chamaloni.gr\/wp-content\/uploads\/2017\/08\/koroni-castle-view-1-100x100.jpg 100w\" sizes=\"(max-width: 150px) 100vw, 150px\" \/><\/a>\n\t\t\t<\/div><\/figure><figure class='gallery-item'>\n\t\t\t<div class='gallery-icon landscape'>\n\t\t\t\t<a href='https:\/\/www.chamaloni.gr\/wp-content\/uploads\/2017\/08\/koroni-chamaloni-cottages-2-1.jpg' data-lightbox=\"gal[2033]\"><img loading=\"lazy\" decoding=\"async\" width=\"150\" height=\"150\" src=\"https:\/\/www.chamaloni.gr\/wp-content\/uploads\/2017\/08\/koroni-chamaloni-cottages-2-1-150x150.jpg\" class=\"attachment-thumbnail size-thumbnail\" alt=\"Koroni Messinian Villages\" srcset=\"https:\/\/www.chamaloni.gr\/wp-content\/uploads\/2017\/08\/koroni-chamaloni-cottages-2-1-150x150.jpg 150w, https:\/\/www.chamaloni.gr\/wp-content\/uploads\/2017\/08\/koroni-chamaloni-cottages-2-1-100x100.jpg 100w\" sizes=\"(max-width: 150px) 100vw, 150px\" \/><\/a>\n\t\t\t<\/div><\/figure><figure class='gallery-item'>\n\t\t\t<div class='gallery-icon landscape'>\n\t\t\t\t<a href='https:\/\/www.chamaloni.gr\/wp-content\/uploads\/2017\/08\/koroni-chamaloni-cottages-1.jpg' data-lightbox=\"gal[2033]\"><img loading=\"lazy\" decoding=\"async\" width=\"150\" height=\"150\" src=\"https:\/\/www.chamaloni.gr\/wp-content\/uploads\/2017\/08\/koroni-chamaloni-cottages-1-150x150.jpg\" class=\"attachment-thumbnail size-thumbnail\" alt=\"Messinian village\" srcset=\"https:\/\/www.chamaloni.gr\/wp-content\/uploads\/2017\/08\/koroni-chamaloni-cottages-1-150x150.jpg 150w, https:\/\/www.chamaloni.gr\/wp-content\/uploads\/2017\/08\/koroni-chamaloni-cottages-1-100x100.jpg 100w\" sizes=\"(max-width: 150px) 100vw, 150px\" \/><\/a>\n\t\t\t<\/div><\/figure><figure class='gallery-item'>\n\t\t\t<div class='gallery-icon landscape'>\n\t\t\t\t<a href='https:\/\/www.chamaloni.gr\/wp-content\/uploads\/2017\/08\/pylos-castle-view-1.jpg' data-lightbox=\"gal[2033]\"><img loading=\"lazy\" decoding=\"async\" width=\"150\" height=\"150\" src=\"https:\/\/www.chamaloni.gr\/wp-content\/uploads\/2017\/08\/pylos-castle-view-1-150x150.jpg\" class=\"attachment-thumbnail size-thumbnail\" alt=\"Messinian village\" srcset=\"https:\/\/www.chamaloni.gr\/wp-content\/uploads\/2017\/08\/pylos-castle-view-1-150x150.jpg 150w, https:\/\/www.chamaloni.gr\/wp-content\/uploads\/2017\/08\/pylos-castle-view-1-100x100.jpg 100w\" sizes=\"(max-width: 150px) 100vw, 150px\" \/><\/a>\n\t\t\t<\/div><\/figure>\n\t\t<\/div>\n\n","protected":false},"excerpt":{"rendered":"<p>\u201eMistraki\u201c ist ein traditionelles D\u00f6rflein mit natursteingepflasterten Wegen, einem malerischen Dorfplatz, einer Quelle mit kaltem, klarem Wasser, Zitrusb\u00e4umen und einer kleinen Kirche. Es ist staatlicherseits als \u201etraditionelle Siedlung\u201c gekennzeichnet, weil dort die althergebrachte Bauweise an den liebevoll restaurierten und in Stand gehaltenen Bauernh\u00e4usern aufs Beste zu studieren ist. Man glaubt, dass sich der Name \u201eMistraki\u201c [&hellip;]<\/p>\n","protected":false},"author":2,"featured_media":1562,"parent":0,"menu_order":0,"comment_status":"closed","ping_status":"closed","template":"","meta":{"_acf_changed":false,"_seopress_robots_primary_cat":"","_seopress_titles_title":"","_seopress_titles_desc":"","_seopress_robots_index":"","footnotes":""},"class_list":["post-2033","page","type-page","status-publish","has-post-thumbnail","hentry"],"acf":[],"_links":{"self":[{"href":"https:\/\/www.chamaloni.gr\/de\/wp-json\/wp\/v2\/pages\/2033","targetHints":{"allow":["GET"]}}],"collection":[{"href":"https:\/\/www.chamaloni.gr\/de\/wp-json\/wp\/v2\/pages"}],"about":[{"href":"https:\/\/www.chamaloni.gr\/de\/wp-json\/wp\/v2\/types\/page"}],"author":[{"embeddable":true,"href":"https:\/\/www.chamaloni.gr\/de\/wp-json\/wp\/v2\/users\/2"}],"replies":[{"embeddable":true,"href":"https:\/\/www.chamaloni.gr\/de\/wp-json\/wp\/v2\/comments?post=2033"}],"version-history":[{"count":3,"href":"https:\/\/www.chamaloni.gr\/de\/wp-json\/wp\/v2\/pages\/2033\/revisions"}],"predecessor-version":[{"id":2839,"href":"https:\/\/www.chamaloni.gr\/de\/wp-json\/wp\/v2\/pages\/2033\/revisions\/2839"}],"wp:featuredmedia":[{"embeddable":true,"href":"https:\/\/www.chamaloni.gr\/de\/wp-json\/wp\/v2\/media\/1562"}],"wp:attachment":[{"href":"https:\/\/www.chamaloni.gr\/de\/wp-json\/wp\/v2\/media?parent=2033"}],"curies":[{"name":"wp","href":"https:\/\/api.w.org\/{rel}","templated":true}]}}