{"id":2044,"date":"2018-01-11T12:50:20","date_gmt":"2018-01-11T10:50:20","guid":{"rendered":"http:\/\/foinikounda.gr\/?page_id=2044"},"modified":"2018-03-24T16:14:47","modified_gmt":"2018-03-24T14:14:47","slug":"finikounda","status":"publish","type":"page","link":"https:\/\/www.chamaloni.gr\/de\/finikounda\/","title":{"rendered":"Finikounda"},"content":{"rendered":"<p>Wir sind im s\u00fcdwestlichen Teil von <strong>Messenien<\/strong>, die durch das Ionische Meer gewaschen wird, bildet sch\u00f6ne Buchten mit kristallklarem Wasser, das oben auf <strong>Finikounda<\/strong>, die von drei kleinen Inseln begrenzt wird, befindet.<\/p>\n<p>Wir haben immer noch von der malerischen\u00a0<strong>Koroni\u00a0<\/strong>(15 &#8218;), erinnert an die Insel mit ihren venezianischen Festung und der Kirche Unserer Lieben Frau von der Kante mit seinem einzigartigen Panoramablick verzaubern.<\/p>\n<p>Von<strong>\u00a0Methoni\u00a0<\/strong>(15 &#8218;) mit einer bedeutenden Geschichte, voll von byzantinischen, venezianischen und antiken Monumenten und herrlichen venezianischen Burg vom Meer umgeben.<\/p>\n<p>Eine Stunde von unserem Grundst\u00fcck ist die einzigartige\u00a0<strong>Polylimnio<\/strong>\u00a0bilden, Wasserf\u00e4llen und Seen. Er kann den Weg und genie\u00dfen Sie die nat\u00fcrliche Sch\u00f6nheit.<\/p>\n<p>Schlie\u00dflich\u00a0<strong>Pylos<\/strong>\u00a0Amphitheater mit seinen nat\u00fcrlichen Hafen, aus der Schlacht von Navarino, eine reiche arch\u00e4ologische Geschichte, der Palast des Nestor, wundersch\u00f6nen Schloss und der gro\u00dfe Platz mit riesigen Platanen bekannt sind sicher, Sie gewinnen.<\/p>\n","protected":false},"excerpt":{"rendered":"<p>Wir sind im s\u00fcdwestlichen Teil von Messenien, die durch das Ionische Meer gewaschen wird, bildet sch\u00f6ne Buchten mit kristallklarem Wasser, das oben auf Finikounda, die von drei kleinen Inseln begrenzt wird, befindet. Wir haben immer noch von der malerischen\u00a0Koroni\u00a0(15 &#8218;), erinnert an die Insel mit ihren venezianischen Festung und der Kirche Unserer Lieben Frau von [&hellip;]<\/p>\n","protected":false},"author":2,"featured_media":0,"parent":0,"menu_order":0,"comment_status":"closed","ping_status":"closed","template":"","meta":{"_acf_changed":false,"_seopress_robots_primary_cat":"","_seopress_titles_title":"","_seopress_titles_desc":"","_seopress_robots_index":"","footnotes":""},"class_list":["post-2044","page","type-page","status-publish","hentry"],"acf":[],"_links":{"self":[{"href":"https:\/\/www.chamaloni.gr\/de\/wp-json\/wp\/v2\/pages\/2044","targetHints":{"allow":["GET"]}}],"collection":[{"href":"https:\/\/www.chamaloni.gr\/de\/wp-json\/wp\/v2\/pages"}],"about":[{"href":"https:\/\/www.chamaloni.gr\/de\/wp-json\/wp\/v2\/types\/page"}],"author":[{"embeddable":true,"href":"https:\/\/www.chamaloni.gr\/de\/wp-json\/wp\/v2\/users\/2"}],"replies":[{"embeddable":true,"href":"https:\/\/www.chamaloni.gr\/de\/wp-json\/wp\/v2\/comments?post=2044"}],"version-history":[{"count":3,"href":"https:\/\/www.chamaloni.gr\/de\/wp-json\/wp\/v2\/pages\/2044\/revisions"}],"predecessor-version":[{"id":2047,"href":"https:\/\/www.chamaloni.gr\/de\/wp-json\/wp\/v2\/pages\/2044\/revisions\/2047"}],"wp:attachment":[{"href":"https:\/\/www.chamaloni.gr\/de\/wp-json\/wp\/v2\/media?parent=2044"}],"curies":[{"name":"wp","href":"https:\/\/api.w.org\/{rel}","templated":true}]}}