{"id":2056,"date":"2018-01-11T13:30:29","date_gmt":"2018-01-11T11:30:29","guid":{"rendered":"http:\/\/foinikounda.gr\/?page_id=2056"},"modified":"2018-03-24T16:14:46","modified_gmt":"2018-03-24T14:14:46","slug":"chamaloni-pensionen","status":"publish","type":"page","link":"https:\/\/www.chamaloni.gr\/de\/chamaloni-pensionen\/","title":{"rendered":"Chamaloni pensionen"},"content":{"rendered":"<p>Unsere Gasth\u00e4user im Herzen eines Bauernhofs in der N\u00e4he von <strong>Foinikounta<\/strong> harmonisieren vollkommen mit der umgebenden Natur und bieten ein gro\u00dfes und sicheres Gel\u00e4nde zum Spielen und Spazieren. Die einzelnen G\u00e4steh\u00e4user verf\u00fcgen \u00fcber angenehme, sonnige, gut durchl\u00fcftete R\u00e4umlichkeiten und \u00fcber gro\u00dfe Balkons mit einer zauberhaften Aussicht auf dem Ionischen Meer und dem Golf von Foinikounta.<br \/>\nDas Innere der H\u00e4user ist mit handgefertigten M\u00f6beln, Antiquit\u00e4ten und Hintergrundbeleuchtung dekoriert, welche von sich eine W\u00e4rme erzeugen und an die Atmosph\u00e4re einer anderen Epoche erinnern. Die voll ausgestatteten K\u00fcchen, die Badezimmer aus Marmor, die Holzdecken, die Kamine und die Holz\u00f6fen kombinieren sehr kunstvoll das Moderne mit dem Traditionellen und stellen ein alternatives Urlaubsziel f\u00fcr die Freunde der Natur und die Fans von Agrotourismus dar &#8211; sowohl f\u00fcr den Sommer als auch f\u00fcr den Winter.<br \/>\nWir betrachten die Menschen, die uns besuchen, nicht einfach als Kunden, sondern als G\u00e4ste und \u201eAngeh\u00f6rige\u201c und w\u00fcnschen uns, dass sie eine sch\u00f6ne Zeit bei uns verbringen!<\/p>\n","protected":false},"excerpt":{"rendered":"<p>Unsere Gasth\u00e4user im Herzen eines Bauernhofs in der N\u00e4he von Foinikounta harmonisieren vollkommen mit der umgebenden Natur und bieten ein gro\u00dfes und sicheres Gel\u00e4nde zum Spielen und Spazieren. Die einzelnen G\u00e4steh\u00e4user verf\u00fcgen \u00fcber angenehme, sonnige, gut durchl\u00fcftete R\u00e4umlichkeiten und \u00fcber gro\u00dfe Balkons mit einer zauberhaften Aussicht auf dem Ionischen Meer und dem Golf von Foinikounta. [&hellip;]<\/p>\n","protected":false},"author":2,"featured_media":0,"parent":0,"menu_order":0,"comment_status":"closed","ping_status":"closed","template":"templates\/listing-andros_room.php","meta":{"_acf_changed":false,"_seopress_robots_primary_cat":"","_seopress_titles_title":"","_seopress_titles_desc":"","_seopress_robots_index":"","footnotes":""},"class_list":["post-2056","page","type-page","status-publish","hentry"],"acf":[],"_links":{"self":[{"href":"https:\/\/www.chamaloni.gr\/de\/wp-json\/wp\/v2\/pages\/2056","targetHints":{"allow":["GET"]}}],"collection":[{"href":"https:\/\/www.chamaloni.gr\/de\/wp-json\/wp\/v2\/pages"}],"about":[{"href":"https:\/\/www.chamaloni.gr\/de\/wp-json\/wp\/v2\/types\/page"}],"author":[{"embeddable":true,"href":"https:\/\/www.chamaloni.gr\/de\/wp-json\/wp\/v2\/users\/2"}],"replies":[{"embeddable":true,"href":"https:\/\/www.chamaloni.gr\/de\/wp-json\/wp\/v2\/comments?post=2056"}],"version-history":[{"count":1,"href":"https:\/\/www.chamaloni.gr\/de\/wp-json\/wp\/v2\/pages\/2056\/revisions"}],"predecessor-version":[{"id":2063,"href":"https:\/\/www.chamaloni.gr\/de\/wp-json\/wp\/v2\/pages\/2056\/revisions\/2063"}],"wp:attachment":[{"href":"https:\/\/www.chamaloni.gr\/de\/wp-json\/wp\/v2\/media?parent=2056"}],"curies":[{"name":"wp","href":"https:\/\/api.w.org\/{rel}","templated":true}]}}