{"id":6251,"date":"2025-10-19T22:05:36","date_gmt":"2025-10-19T19:05:36","guid":{"rendered":"https:\/\/www.chamaloni.gr\/?page_id=6251"},"modified":"2026-02-16T17:49:34","modified_gmt":"2026-02-16T15:49:34","slug":"herzlich-willkommen","status":"publish","type":"page","link":"https:\/\/www.chamaloni.gr\/de\/herzlich-willkommen\/","title":{"rendered":"Herzlich willkommen"},"content":{"rendered":"<h2 class=\"p1\"><span class=\"s1\">F\u00fchlen Sie sich wie zu Hause! <\/span><\/h2>\n<p class=\"p1\"><span class=\"s1\">Erkunden Sie unser wundersch\u00f6nes Anwesen zu Fu\u00df oder schwingen Sie sich auf eines unserer Fahrr\u00e4der und erkunden Sie es in Ihrem eigenen Tempo.<\/span><\/p>\n<p class=\"p1\"><span class=\"s1\">Wissen Sie mehr \u00fcber unsere Nutztiere? Fragen Sie uns nach den F\u00fctterungszeiten. Wir zeigen Ihnen gerne alles und lassen Sie sie hautnah kennenlernen. Lust auf einen Spaziergang in der Natur? Wir informieren Sie gerne \u00fcber malerische Wanderwege in den umliegenden H\u00fcgeln.<\/span><\/p>\n<p class=\"p1\"><span class=\"s1\">In unseren G\u00e4steh\u00e4usern k\u00f6nnen Sie jeden Mittwoch- und Sonntagmorgen von 10:00 bis 11:30 Uhr an Yoga teilnehmen. Die Kurse dauern 90 Minuten und kosten 15 \u20ac pro Person.<\/span><\/p>\n<p class=\"p1\"><span class=\"s1\">Nach Vereinbarung k\u00f6nnen Sie auch eine entspannende Massage oder Manik\u00fcre und Pedik\u00fcre genie\u00dfen.<\/span><\/p>\n<p class=\"p1\"><span class=\"s1\">Wir sind stolz darauf, unser eigenes Bio-Oliven\u00f6l und unsere Kalamata-Oliven zu produzieren. Fragen Sie uns nach Preisen und Verf\u00fcgbarkeit. W\u00e4hrend der Erntezeit k\u00f6nnen Sie den Prozess hautnah miterleben und sehen, wie dieses au\u00dfergew\u00f6hnliche griechische Produkt hergestellt wird.<\/span><\/p>\n<p class=\"p1\"><span class=\"s1\">Nachfolgend finden Sie Empfehlungen f\u00fcr Tagesausfl\u00fcge, Str\u00e4nde und Restaurants sowie n\u00fctzliche Tipps zu Superm\u00e4rkten, Apotheken und mehr, um Ihren Aufenthalt noch angenehmer zu gestalten.<\/span><\/p>\n<h2 class=\"p1\"><span class=\"s1\">N\u00fctzliche Links &amp; Entfernungen<\/span><\/h2>\n<p class=\"p1\"><span class=\"s1\">o Vergis Supermarkt in Harakopio (7,8 km)<\/span><\/p>\n<p class=\"p1\"><a href=\"https:\/\/maps.app.goo.gl\/eB4NeWJXamwDL8AT8\"><span class=\"s1\">https:\/\/maps.app.goo.gl\/eB4NeWJXamwDL8AT8<\/span><\/a><\/p>\n<p class=\"p1\"><span class=\"s1\">o Mourgis Supermarkt vor Koroni (10,2 km)<\/span><\/p>\n<p class=\"p1\"><a href=\"https:\/\/maps.app.goo.gl\/w4HxSWy51XY18ShJ7\"><span class=\"s1\">https:\/\/maps.app.goo.gl\/w4HxSWy51XY18ShJ7<\/span><\/a><\/p>\n<p class=\"p1\"><span class=\"s1\">o Saratsioti Apotheke in Harakopio (7,6 km) Tel.: +30 27250 41305<\/span><\/p>\n<p class=\"p1\"><a href=\"https:\/\/maps.app.goo.gl\/gzchbQdPXz41bsu69\"><span class=\"s1\">https:\/\/maps.app.goo.gl\/gzchbQdPXz41bsu69<\/span><\/a><\/p>\n<p class=\"p1\"><span class=\"s1\">o Georgakopoulou Apotheke in Harakopio (7,6 km) Tel.: +30 27250 41000<\/span><\/p>\n<p class=\"p1\"><a href=\"https:\/\/maps.app.goo.gl\/84yy2iZPnZsrsQTb6\"><span class=\"s1\">https:\/\/maps.app.goo.gl\/84yy2iZPnZsrsQTb6<\/span><\/a><\/p>\n<p class=\"p1\"><span class=\"s1\">o St\u00e4dtische Klinik von Harakopio (7,6 km) Tel.:+30 27250 41233<\/span><\/p>\n<p class=\"p1\"><span class=\"s1\">o Christopoulos Supermarkt-B\u00e4ckerei in Finikounda (6,8 km)<\/span><\/p>\n<p class=\"p1\"><a href=\"https:\/\/maps.app.goo.gl\/ginza6nZdGtNMxXS9\"><span class=\"s1\">https:\/\/maps.app.goo.gl\/ginza6nZdGtNMxXS9<\/span><\/a><\/p>\n<p class=\"p1\"><span class=\"s1\">o Medusa-Supermarkt in Finikounda (8,6 km)<\/span><\/p>\n<p class=\"p1\"><a href=\"https:\/\/maps.app.goo.gl\/3RtciGm5AvQK7pGn6\"><span class=\"s1\">https:\/\/maps.app.goo.gl\/3RtciGm5AvQK7pGn6<\/span><\/a><\/p>\n<p class=\"p1\"><span class=\"s1\">o F\u00fcr den Fall unvorhergesehener Umst\u00e4nde gibt es in Pylos ein Gesundheitszentrum<\/span><\/p>\n<p class=\"p1\"><a href=\"https:\/\/maps.app.goo.gl\/7S41vs1R4td9mRTn8\"><span class=\"s1\">https:\/\/maps.app.goo.gl\/7S41vs1R4td9mRTn8<\/span><\/a><\/p>\n<p class=\"p1\"><span class=\"s1\">o Kinderarzt: Michael Evangelos in Pylos und Koroni<\/span><\/p>\n<p class=\"p1\"><span class=\"s1\">Kontaktnummer: 27230 22258<\/span><\/p>\n<p class=\"p1\"><span class=\"s1\">Essensvorschl\u00e4ge<\/span><\/p>\n<p class=\"p1\"><span class=\"s1\">o Platanos Grill im Dorf Kaplani (1,5 km von Xenones Chamaloni entfernt) \u2013 ideal f\u00fcr Familien<\/span><\/p>\n<p class=\"p1\"><a href=\"https:\/\/share.google\/kuFPdDRosuiI5ZmGm\"><span class=\"s1\">https:\/\/share.google\/kuFPdDRosuiI5ZmGm<\/span><\/a><\/p>\n<p class=\"p1\"><span class=\"s1\">o Meraki Taverne im Dorf Kamaria<\/span><\/p>\n<p class=\"p1\"><a href=\"https:\/\/share.google\/UiVKUxekU6nNad8Ab\"><span class=\"s1\">https:\/\/share.google\/UiVKUxekU6nNad8Ab<\/span><\/a><\/p>\n<p class=\"p1\"><span class=\"s1\">o Yalo Yalo in Finikounda \u2013 Essen am Meer<\/span><\/p>\n<p class=\"p1\"><a href=\"https:\/\/share.google\/U1NF0glssh5YrvJZ2\"><span class=\"s1\">https:\/\/share.google\/U1NF0glssh5YrvJZ2<\/span><\/a><\/p>\n<p class=\"p1\"><span class=\"s1\">o Foumaristis Taverne, ideal f\u00fcr Familien, zwischen Vasilitsi und Koroni<\/span><\/p>\n<p class=\"p1\"><a href=\"https:\/\/share.google\/OpbPSybmIiYh7MPNv\"><span class=\"s1\">https:\/\/share.google\/OpbPSybmIiYh7MPNv<\/span><\/a><\/p>\n<p class=\"p1\"><span class=\"s1\">o Nikos Taverne im Dorf Vasilitsi<\/span><\/p>\n<p class=\"p1\"><a href=\"https:\/\/share.google\/j81DD5kPtzcUDus6L\"><span class=\"s1\">https:\/\/share.google\/j81DD5kPtzcUDus6L<\/span><\/a><\/p>\n<p class=\"p1\">o Taverna Maria und Tsapi Taverna am Tsapi Beach \u2013 egal, f\u00fcr welche Sie sich entscheiden, werden Sie ein hervorragendes Essen genie\u00dfen.<\/p>\n<p class=\"p1\"><span class=\"s1\">o Tsapogas Taverne am Loutsa Beach<\/span><\/p>\n<p class=\"p1\"><a href=\"https:\/\/share.google\/3f3kkUFALmAVyVepm\"><span class=\"s1\">https:\/\/share.google\/3f3kkUFALmAVyVepm<\/span><\/a><\/p>\n<p class=\"p1\"><span class=\"s1\">o Alektor Taverne in Methoni<\/span><\/p>\n<p class=\"p1\"><a href=\"https:\/\/share.google\/ovbJwAr7XBDxkGArS\"><span class=\"s1\">https:\/\/share.google\/ovbJwAr7XBDxkGArS<\/span><\/a><\/p>\n<p class=\"p1\"><span class=\"s1\">o Klimataria Taverne in Methoni<\/span><\/p>\n<p class=\"p1\"><a href=\"https:\/\/share.google\/8mxuhzauoIh4Yq19I\"><span class=\"s1\">https:\/\/share.google\/8mxuhzauoIh4Yq19I<\/span><\/a><\/p>\n<p class=\"p1\"><span class=\"s1\">o Nikos Taverne in Methoni<\/span><\/p>\n<p class=\"p1\"><a href=\"https:\/\/share.google\/oVvTljiT7fRY0HSoh\"><span class=\"s1\">https:\/\/share.google\/oVvTljiT7fRY0HSoh<\/span><\/a><\/p>\n<p class=\"p1\"><span class=\"s1\">o Kastro Restaurant f\u00fcr Sonnenunterg\u00e4nge in Methoni<\/span><\/p>\n<p class=\"p1\"><a href=\"https:\/\/share.google\/jIojO5HzjJarSaTs0\"><span class=\"s1\">https:\/\/share.google\/jIojO5HzjJarSaTs0<\/span><\/a><\/p>\n<p class=\"p1\"><span class=\"s1\">o Katsarola Alternative Cuisine in Methoni<\/span><\/p>\n<p class=\"p1\"><a href=\"https:\/\/share.google\/zRTBWcwKbPxPUku0m\"><span class=\"s1\">https:\/\/share.google\/zRTBWcwKbPxPUku0m<\/span><\/a><\/p>\n<p class=\"p1\"><span class=\"s1\">o Elia Restaurant in Gialova<\/span><\/p>\n<p class=\"p1\"><a href=\"https:\/\/share.google\/1PmzxarmJFTeW2XfK\"><span class=\"s1\">https:\/\/share.google\/1PmzxarmJFTeW2XfK<\/span><\/a><\/p>\n<p class=\"p1\"><span class=\"s1\">o Almyro-Glyko Crepery &amp; Bar in Finikounda, tolle Cocktails <\/span><\/p>\n<p class=\"p1\"><a href=\"https:\/\/share.google\/IUNSXmVjRzugC2TP2\"><span class=\"s1\">https:\/\/share.google\/IUNSXmVjRzugC2TP2<\/span><\/a><\/p>\n<p class=\"p1\"><span class=\"s1\">o Sea Breeze Cr\u00eaperie &amp; Bar in Methoni<\/span><\/p>\n<p class=\"p1\"><a href=\"https:\/\/share.google\/BIACzosrKBCG2RQIK\"><span class=\"s1\">https:\/\/share.google\/BIACzosrKBCG2RQIK<\/span><\/a><\/p>\n<p class=\"p1\"><span class=\"s1\">Die obigen Vorschl\u00e4ge sind unverbindlich. In Finikounda, Koroni, Methoni, Gialova und Pylos finden Sie zahlreiche M\u00f6glichkeiten zum Essen, Trinken, Souvenir und f\u00fcr lokale Produkte.<\/span><\/p>\n<p>&nbsp;<\/p>\n<h2 class=\"p1\"><span class=\"s1\">Sehensw\u00fcrdigkeiten und Str\u00e4nde<\/span><\/h2>\n<p class=\"p1\"><span class=\"s1\">o Loutsa Strand \u2013 4 km von unseren G\u00e4steh\u00e4usern entfernt, ruhig und malerisch mit zwei Kantinen und der Taverne Tsapogas.<\/span><\/p>\n<p class=\"p1\"><a href=\"https:\/\/maps.app.goo.gl\/e8MFHctoDHFvToHW9\"><span class=\"s1\">https:\/\/maps.app.goo.gl\/e8MFHctoDHFvToHW9<\/span><\/a><\/p>\n<p class=\"p1\"><span class=\"s1\">o Finikounda Strand \u2013 tief, kristallklar, mit Bootsverleih, Tavernen, Cr\u00eaperien, Caf\u00e9s und Superm\u00e4rkten. Vor der Cr\u00eaperie Almyro Glyko stehen im Sommer aufblasbare Spielger\u00e4te f\u00fcr Kinder zur Verf\u00fcgung.<\/span><\/p>\n<p class=\"p1\"><a href=\"https:\/\/maps.app.goo.gl\/grzgvdBmoiBPap5M7\"><span class=\"s1\">https:\/\/maps.app.goo.gl\/grzgvdBmoiBPap5M7<\/span><\/a><\/p>\n<p class=\"p1\"><span class=\"s1\">o Anemomylos Beach \u2013 gleich hinter der Bucht von Finikounda, lang, sauber, gut gepflegt, mit Surfern und Surfschulen.<\/span><\/p>\n<p class=\"p1\"><a href=\"https:\/\/maps.app.goo.gl\/aizmpzWcVdHbyAFj9\"><span class=\"s1\">https:\/\/maps.app.goo.gl\/aizmpzWcVdHbyAFj9<\/span><\/a><\/p>\n<p class=\"p1\"><span class=\"s1\">o Lampes Beach \u2013 flach, ideal zum Sandspielen, gut gepflegt und familienfreundlich, Tretbootverleih.<\/span><\/p>\n<p class=\"p1\"><a href=\"https:\/\/maps.app.goo.gl\/A5JfdKLJhupDSD2M7\"><span class=\"s1\">https:\/\/maps.app.goo.gl\/A5JfdKLJhupDSD2M7<\/span><\/a><\/p>\n<p class=\"p1\"><span class=\"s1\">o Tsapi Beach \u2013 ruhig und wundersch\u00f6n, mit zwei Tavernen, die frischen Fisch und authentische griechische K\u00fcche servieren.<\/span><\/p>\n<p class=\"p3\"><span class=\"s1\"><a href=\"https:\/\/maps.app.goo.gl\/YqHtvYUUa4dWSPebA\">https:\/\/maps.app.goo.gl\/YqHtvYUUa4dWSPebA<\/a><\/span><\/p>\n<p class=\"p1\"><span class=\"s1\">o Methoni Beach \u2013 malerisch, flach, im historischen Dorf gelegen. Bootsverleih f\u00fcr Ausfl\u00fcge zu den Inseln Hinousses, Schiza, Agia Marina und Sapientza<\/span><\/p>\n<p class=\"p1\"><a href=\"https:\/\/maps.app.goo.gl\/UJx82CkAzyDwwuLk7\"><span class=\"s1\">https:\/\/maps.app.goo.gl\/UJx82CkAzyDwwuLk7<\/span><\/a><\/p>\n<p class=\"p1\"><span class=\"s1\">o Zaga Beach \u2013 unterhalb des Klosters Eleistria in Koroni, gepflegt und von nat\u00fcrlicher Sch\u00f6nheit<\/span><\/p>\n<p class=\"p1\"><a href=\"https:\/\/maps.app.goo.gl\/pPJehX5jN6fZz62cA\"><span class=\"s1\">https:\/\/maps.app.goo.gl\/pPJehX5jN6fZz62cA<\/span><\/a><\/p>\n<p class=\"p1\"><span class=\"s1\">o Peroulia Beach \u2013 exotisch, gepflegt, familienfreundlich<\/span><\/p>\n<p class=\"p1\"><a href=\"https:\/\/maps.app.goo.gl\/rfsM8crHjr2J8XEK6\"><span class=\"s1\">https:\/\/maps.app.goo.gl\/rfsM8crHjr2J8XEK6<\/span><\/a><\/p>\n<p class=\"p1\"><span class=\"s1\">o Agia Triada Beach \u2013 abgeschieden, 5 Gehminuten entfernt, unorganisiert; bringen Sie Wasser, Snacks und Sonnenschirme mit, es sei denn, Sie gehen nach Mittag, wenn nat\u00fcrlicher Schatten vorhanden ist.<\/span><\/p>\n<p class=\"p1\"><a href=\"https:\/\/maps.app.goo.gl\/LNhxx52D4r9FF8yv6\"><span class=\"s1\">https:\/\/maps.app.goo.gl\/LNhxx52D4r9FF8yv6<\/span><\/a><\/p>\n<p class=\"p1\"><span class=\"s1\">o Voidokilia Beach \u2013 einzigartig und atemberaubend, unorganisiert, im Sommer gut besucht, aber ein absolutes Muss.<\/span><\/p>\n<p class=\"p3\"><span class=\"s1\"><a href=\"https:\/\/maps.app.goo.gl\/SjTgwgz2mMhLrfVF8\">https:\/\/maps.app.goo.gl\/SjTgwgz2mMhLrfVF8<\/a><\/span><\/p>\n<p class=\"p1\"><span class=\"s1\">Polilimnio ist ideal f\u00fcr Natur- und Abenteuerliebhaber. Es liegt etwa 50 Minuten von unseren G\u00e4steh\u00e4usern entfernt. Idealerweise ben\u00f6tigen Sie Sportschuhe. Der Weg ist ohne besondere Anforderungen leicht zu begehen, an einigen Stellen m\u00fcssen Sie jedoch klettern.<\/span><\/p>\n<p class=\"p1\"><a href=\"https:\/\/maps.app.goo.gl\/8e5jZWjxY26qFAks5\"><span class=\"s1\">https:\/\/maps.app.goo.gl\/8e5jZWjxY26qFAks5<\/span><\/a><\/p>\n<p class=\"p1\"><span class=\"s1\">Ein Besuch der Burgen von Methoni und Pylos sowie des Nestorpalastes ist unbedingt lohnenswert.<\/span><\/p>\n<p class=\"p1\"><a href=\"https:\/\/maps.app.goo.gl\/uH5iij9jv49BjVSN8\"><span class=\"s1\">https:\/\/maps.app.goo.gl\/uH5iij9jv49BjVSN8<\/span><\/a><\/p>\n<p>&nbsp;<\/p>\n<p class=\"p1\"><span class=\"s1\">Auch das Fischerdorf Koroni mit seinem malerischen Hafen und den Kopfsteinpflasterstra\u00dfen, die zur Burg f\u00fchren, ist einen Spaziergang wert.<\/span><\/p>\n<p>&nbsp;<\/p>\n<p class=\"p1\"><span class=\"s1\">Wir stehen Ihnen bei Fragen gerne zur Verf\u00fcgung.<\/span><\/p>\n<p class=\"p1\"><span class=\"s1\">Wir w\u00fcnschen Ihnen einen angenehmen Aufenthalt!<\/span><\/p>\n<p class=\"p1\"><strong><span class=\"s1\">Familie Chamaloni<\/span><\/strong><\/p>\n","protected":false},"excerpt":{"rendered":"<p>F\u00fchlen Sie sich wie zu Hause! Erkunden Sie unser wundersch\u00f6nes Anwesen zu Fu\u00df oder schwingen Sie sich auf eines unserer Fahrr\u00e4der und erkunden Sie es in Ihrem eigenen Tempo. Wissen Sie mehr \u00fcber unsere Nutztiere? Fragen Sie uns nach den F\u00fctterungszeiten. Wir zeigen Ihnen gerne alles und lassen Sie sie hautnah kennenlernen. Lust auf einen [&hellip;]<\/p>\n","protected":false},"author":1,"featured_media":0,"parent":0,"menu_order":0,"comment_status":"closed","ping_status":"closed","template":"","meta":{"_acf_changed":false,"_seopress_robots_primary_cat":"","_seopress_titles_title":"","_seopress_titles_desc":"","_seopress_robots_index":"","footnotes":""},"class_list":["post-6251","page","type-page","status-publish","hentry"],"acf":[],"_links":{"self":[{"href":"https:\/\/www.chamaloni.gr\/de\/wp-json\/wp\/v2\/pages\/6251","targetHints":{"allow":["GET"]}}],"collection":[{"href":"https:\/\/www.chamaloni.gr\/de\/wp-json\/wp\/v2\/pages"}],"about":[{"href":"https:\/\/www.chamaloni.gr\/de\/wp-json\/wp\/v2\/types\/page"}],"author":[{"embeddable":true,"href":"https:\/\/www.chamaloni.gr\/de\/wp-json\/wp\/v2\/users\/1"}],"replies":[{"embeddable":true,"href":"https:\/\/www.chamaloni.gr\/de\/wp-json\/wp\/v2\/comments?post=6251"}],"version-history":[{"count":2,"href":"https:\/\/www.chamaloni.gr\/de\/wp-json\/wp\/v2\/pages\/6251\/revisions"}],"predecessor-version":[{"id":6280,"href":"https:\/\/www.chamaloni.gr\/de\/wp-json\/wp\/v2\/pages\/6251\/revisions\/6280"}],"wp:attachment":[{"href":"https:\/\/www.chamaloni.gr\/de\/wp-json\/wp\/v2\/media?parent=6251"}],"curies":[{"name":"wp","href":"https:\/\/api.w.org\/{rel}","templated":true}]}}