{"id":2000,"date":"2018-01-11T10:39:14","date_gmt":"2018-01-11T08:39:14","guid":{"rendered":"http:\/\/foinikounda.gr\/?page_id=2000"},"modified":"2018-04-05T00:38:13","modified_gmt":"2018-04-04T21:38:13","slug":"page-daccueil","status":"publish","type":"page","link":"https:\/\/www.chamaloni.gr\/fr\/","title":{"rendered":"Page d&rsquo;accueil"},"content":{"rendered":"","protected":false},"excerpt":{"rendered":"","protected":false},"author":2,"featured_media":0,"parent":0,"menu_order":0,"comment_status":"closed","ping_status":"closed","template":"templates\/front-page.php","meta":{"_acf_changed":false,"_seopress_robots_primary_cat":"","_seopress_titles_title":"Chamaloni chambres: Agritourisme \u00e0 Finikounda, Messinia Gr\u00e8ce","_seopress_titles_desc":"Agritourisme Les maisons d&#039;h\u00f4tes Chamaloni sont situ\u00e9es au sommet d&#039;une colline verdoyante pr\u00e8s du pittoresque village de Koroni. Magnifique vue sur la mer Ionienne et la baie de Finikounda \u00e0 seulement 5,5 km. Choix id\u00e9al pour des vacances en famille avec des enfants! Disponibilit\u00e9 et d&#039;excellents prix toute l&#039;ann\u00e9e!","_seopress_robots_index":"","footnotes":""},"class_list":["post-2000","page","type-page","status-publish","hentry"],"acf":[],"_links":{"self":[{"href":"https:\/\/www.chamaloni.gr\/fr\/wp-json\/wp\/v2\/pages\/2000","targetHints":{"allow":["GET"]}}],"collection":[{"href":"https:\/\/www.chamaloni.gr\/fr\/wp-json\/wp\/v2\/pages"}],"about":[{"href":"https:\/\/www.chamaloni.gr\/fr\/wp-json\/wp\/v2\/types\/page"}],"author":[{"embeddable":true,"href":"https:\/\/www.chamaloni.gr\/fr\/wp-json\/wp\/v2\/users\/2"}],"replies":[{"embeddable":true,"href":"https:\/\/www.chamaloni.gr\/fr\/wp-json\/wp\/v2\/comments?post=2000"}],"version-history":[{"count":3,"href":"https:\/\/www.chamaloni.gr\/fr\/wp-json\/wp\/v2\/pages\/2000\/revisions"}],"predecessor-version":[{"id":2521,"href":"https:\/\/www.chamaloni.gr\/fr\/wp-json\/wp\/v2\/pages\/2000\/revisions\/2521"}],"wp:attachment":[{"href":"https:\/\/www.chamaloni.gr\/fr\/wp-json\/wp\/v2\/media?parent=2000"}],"curies":[{"name":"wp","href":"https:\/\/api.w.org\/{rel}","templated":true}]}}