{"id":2048,"date":"2018-01-11T12:54:47","date_gmt":"2018-01-11T10:54:47","guid":{"rendered":"http:\/\/foinikounda.gr\/?page_id=2048"},"modified":"2018-12-30T00:49:41","modified_gmt":"2018-12-29T22:49:41","slug":"le-village-de-finikounda","status":"publish","type":"page","link":"https:\/\/www.chamaloni.gr\/fr\/le-village-de-finikounda\/","title":{"rendered":"Finikounda"},"content":{"rendered":"<p><img fetchpriority=\"high\" decoding=\"async\" class=\"aligncenter wp-image-1095\" title=\"Finikounda\u00a0un village de p\u00eacheurs\" src=\"https:\/\/www.chamaloni.gr\/wp-content\/uploads\/2017\/08\/finikounda-beach-winter-isolation-300x225.jpg\" alt=\"Finikounda beach\" width=\"781\" height=\"586\" srcset=\"https:\/\/www.chamaloni.gr\/wp-content\/uploads\/2017\/08\/finikounda-beach-winter-isolation-300x225.jpg 300w, https:\/\/www.chamaloni.gr\/wp-content\/uploads\/2017\/08\/finikounda-beach-winter-isolation-768x576.jpg 768w, https:\/\/www.chamaloni.gr\/wp-content\/uploads\/2017\/08\/finikounda-beach-winter-isolation-750x563.jpg 750w, https:\/\/www.chamaloni.gr\/wp-content\/uploads\/2017\/08\/finikounda-beach-winter-isolation-555x416.jpg 555w, https:\/\/www.chamaloni.gr\/wp-content\/uploads\/2017\/08\/finikounda-beach-winter-isolation.jpg 1000w\" sizes=\"(max-width: 781px) 100vw, 781px\" \/><\/p>\n<p>L\u2019auberge\u00a0<strong>Chamaloni<\/strong>\u00a0est situ\u00e9e au sud-ouest de la<strong> Mess\u00e9nie<\/strong> et elle est d\u00e9limit\u00e9e \u00e0 l\u2019ouest\u00a0par la mer Ionienne en formant des baies superbes.<\/p>\n<p><strong>Finikounda<\/strong>\u00a0un village de p\u00eacheurs, petit est charmant avec beaucoup de tavernes\u00a0familiales qui servent de poisons frais chaque jour. De plus, les petits caf\u00e9s du village sont le\u00a0meilleur choix pour une boisson fraiche, avec une magnifique vue sur la mer.<\/p>\n<p>La r\u00e9gion de\u00a0<strong>Coroni<\/strong>\u00a0se trouve \u00e0 15 minutes de l\u2019auberge et vous serez absolument enchant\u00e9s\u00a0par la beaut\u00e9 de la citadelle v\u00e9nitienne et l\u2019\u00e9glise de la Vierge Marie, tous les deux ayant un\u00a0panorama enchanteur sur la mer.<\/p>\n<p>Le village de\u00a0<strong>Modon<\/strong>, connu \u00e0 l\u2019antiquit\u00e9 gr\u00e2ce \u00e0 son r\u00f4le important \u00e0 l\u2019histoire est plein de\u00a0monuments vestiges de l\u2019\u00e9poque byzantine, v\u00e9nitienne et aussi de la Gr\u00e8ce antique. Son\u00a0ch\u00e2teau entour\u00e9 et prot\u00e9g\u00e9 par la mer est impressionnant.<\/p>\n<p>Le canyon de\u00a0<strong>Polilimnio<\/strong> est\u00a0situ\u00e9 \u00e0 environ 1 heure maximum de notre ferme. C\u2019est un site\u00a0naturel, un petit paradis compos\u00e9 de lacs d\u2019eau qu\u2019il ne faut pas manquer de visiter.<\/p>\n<p>Et pour la fin, la ville de\u00a0<strong>Pylos<\/strong>, connue pour bataille de Navarin, va vous enchanter avec\u00a0son port naturel sur la c\u00f4te de P\u00e9loponn\u00e8se, son patrimoine arch\u00e9ologique, son Palais et sa\u00a0grande place avec ses majestueux platanes.<\/p>\n<p>&nbsp;<\/p>\n<div id='gallery-1' class='gallery galleryid-2048 gallery-columns-3 gallery-size-thumbnail'><figure class='gallery-item'>\n\t\t\t<div class='gallery-icon landscape'>\n\t\t\t\t<a href='https:\/\/www.chamaloni.gr\/fr\/pylos-castle-view-2\/'><img decoding=\"async\" width=\"150\" height=\"150\" src=\"https:\/\/www.chamaloni.gr\/wp-content\/uploads\/2017\/08\/pylos-castle-view-1-150x150.jpg\" class=\"attachment-thumbnail size-thumbnail\" alt=\"Messinian village\" srcset=\"https:\/\/www.chamaloni.gr\/wp-content\/uploads\/2017\/08\/pylos-castle-view-1-150x150.jpg 150w, https:\/\/www.chamaloni.gr\/wp-content\/uploads\/2017\/08\/pylos-castle-view-1-100x100.jpg 100w\" sizes=\"(max-width: 150px) 100vw, 150px\" \/><\/a>\n\t\t\t<\/div><\/figure><figure class='gallery-item'>\n\t\t\t<div class='gallery-icon landscape'>\n\t\t\t\t<a href='https:\/\/www.chamaloni.gr\/fr\/messinia-chamaloni-pylos-nature-2-2\/'><img decoding=\"async\" width=\"150\" height=\"150\" src=\"https:\/\/www.chamaloni.gr\/wp-content\/uploads\/2017\/08\/messinia-chamaloni-pylos-nature-1-150x150.jpg\" class=\"attachment-thumbnail size-thumbnail\" alt=\"\" srcset=\"https:\/\/www.chamaloni.gr\/wp-content\/uploads\/2017\/08\/messinia-chamaloni-pylos-nature-1-150x150.jpg 150w, https:\/\/www.chamaloni.gr\/wp-content\/uploads\/2017\/08\/messinia-chamaloni-pylos-nature-1-300x300.jpg 300w, https:\/\/www.chamaloni.gr\/wp-content\/uploads\/2017\/08\/messinia-chamaloni-pylos-nature-1-768x768.jpg 768w, https:\/\/www.chamaloni.gr\/wp-content\/uploads\/2017\/08\/messinia-chamaloni-pylos-nature-1-100x100.jpg 100w, https:\/\/www.chamaloni.gr\/wp-content\/uploads\/2017\/08\/messinia-chamaloni-pylos-nature-1-750x750.jpg 750w, https:\/\/www.chamaloni.gr\/wp-content\/uploads\/2017\/08\/messinia-chamaloni-pylos-nature-1-555x555.jpg 555w, https:\/\/www.chamaloni.gr\/wp-content\/uploads\/2017\/08\/messinia-chamaloni-pylos-nature-1.jpg 800w\" sizes=\"(max-width: 150px) 100vw, 150px\" \/><\/a>\n\t\t\t<\/div><\/figure><figure class='gallery-item'>\n\t\t\t<div class='gallery-icon portrait'>\n\t\t\t\t<a href='https:\/\/www.chamaloni.gr\/fr\/finikounda-neda-river-2-2\/'><img loading=\"lazy\" decoding=\"async\" width=\"150\" height=\"150\" src=\"https:\/\/www.chamaloni.gr\/wp-content\/uploads\/2017\/08\/finikounda-neda-river-2-1-150x150.jpg\" class=\"attachment-thumbnail size-thumbnail\" alt=\"Messinian village\" srcset=\"https:\/\/www.chamaloni.gr\/wp-content\/uploads\/2017\/08\/finikounda-neda-river-2-1-150x150.jpg 150w, https:\/\/www.chamaloni.gr\/wp-content\/uploads\/2017\/08\/finikounda-neda-river-2-1-100x100.jpg 100w\" sizes=\"(max-width: 150px) 100vw, 150px\" \/><\/a>\n\t\t\t<\/div><\/figure><figure class='gallery-item'>\n\t\t\t<div class='gallery-icon landscape'>\n\t\t\t\t<a href='https:\/\/www.chamaloni.gr\/fr\/finikounda-koroni-sea-view-2-2\/'><img loading=\"lazy\" decoding=\"async\" width=\"150\" height=\"150\" src=\"https:\/\/www.chamaloni.gr\/wp-content\/uploads\/2017\/08\/finikounda-koroni-sea-view-1-150x150.jpg\" class=\"attachment-thumbnail size-thumbnail\" alt=\"\" srcset=\"https:\/\/www.chamaloni.gr\/wp-content\/uploads\/2017\/08\/finikounda-koroni-sea-view-1-150x150.jpg 150w, https:\/\/www.chamaloni.gr\/wp-content\/uploads\/2017\/08\/finikounda-koroni-sea-view-1-100x100.jpg 100w\" sizes=\"(max-width: 150px) 100vw, 150px\" \/><\/a>\n\t\t\t<\/div><\/figure><figure class='gallery-item'>\n\t\t\t<div class='gallery-icon landscape'>\n\t\t\t\t<a href='https:\/\/www.chamaloni.gr\/fr\/chamaloni-pylos-messinia-cottages-2-2\/'><img loading=\"lazy\" decoding=\"async\" width=\"150\" height=\"150\" src=\"https:\/\/www.chamaloni.gr\/wp-content\/uploads\/2017\/08\/chamaloni-pylos-messinia-cottages-1-150x150.jpg\" class=\"attachment-thumbnail size-thumbnail\" alt=\"Messinian village\" srcset=\"https:\/\/www.chamaloni.gr\/wp-content\/uploads\/2017\/08\/chamaloni-pylos-messinia-cottages-1-150x150.jpg 150w, https:\/\/www.chamaloni.gr\/wp-content\/uploads\/2017\/08\/chamaloni-pylos-messinia-cottages-1-300x300.jpg 300w, https:\/\/www.chamaloni.gr\/wp-content\/uploads\/2017\/08\/chamaloni-pylos-messinia-cottages-1-768x768.jpg 768w, https:\/\/www.chamaloni.gr\/wp-content\/uploads\/2017\/08\/chamaloni-pylos-messinia-cottages-1-100x100.jpg 100w, https:\/\/www.chamaloni.gr\/wp-content\/uploads\/2017\/08\/chamaloni-pylos-messinia-cottages-1-750x750.jpg 750w, https:\/\/www.chamaloni.gr\/wp-content\/uploads\/2017\/08\/chamaloni-pylos-messinia-cottages-1-555x555.jpg 555w, https:\/\/www.chamaloni.gr\/wp-content\/uploads\/2017\/08\/chamaloni-pylos-messinia-cottages-1.jpg 800w\" sizes=\"(max-width: 150px) 100vw, 150px\" \/><\/a>\n\t\t\t<\/div><\/figure><figure class='gallery-item'>\n\t\t\t<div class='gallery-icon landscape'>\n\t\t\t\t<a href='https:\/\/www.chamaloni.gr\/fr\/finikounda-koroni-chamaloni-2-2\/'><img loading=\"lazy\" decoding=\"async\" width=\"150\" height=\"150\" src=\"https:\/\/www.chamaloni.gr\/wp-content\/uploads\/2017\/08\/finikounda-koroni-chamaloni-1-150x150.jpg\" class=\"attachment-thumbnail size-thumbnail\" alt=\"Messinian village\" srcset=\"https:\/\/www.chamaloni.gr\/wp-content\/uploads\/2017\/08\/finikounda-koroni-chamaloni-1-150x150.jpg 150w, https:\/\/www.chamaloni.gr\/wp-content\/uploads\/2017\/08\/finikounda-koroni-chamaloni-1-100x100.jpg 100w\" sizes=\"(max-width: 150px) 100vw, 150px\" \/><\/a>\n\t\t\t<\/div><\/figure><figure class='gallery-item'>\n\t\t\t<div class='gallery-icon portrait'>\n\t\t\t\t<a href='https:\/\/www.chamaloni.gr\/fr\/le-village-de-finikounda\/olympus-digital-camera-17-2\/'><img loading=\"lazy\" decoding=\"async\" width=\"150\" height=\"150\" src=\"https:\/\/www.chamaloni.gr\/wp-content\/uploads\/2017\/08\/finikounda-pylos-castle-4-150x150.jpg\" class=\"attachment-thumbnail size-thumbnail\" alt=\"\" srcset=\"https:\/\/www.chamaloni.gr\/wp-content\/uploads\/2017\/08\/finikounda-pylos-castle-4-150x150.jpg 150w, https:\/\/www.chamaloni.gr\/wp-content\/uploads\/2017\/08\/finikounda-pylos-castle-4-100x100.jpg 100w\" sizes=\"(max-width: 150px) 100vw, 150px\" \/><\/a>\n\t\t\t<\/div><\/figure><figure class='gallery-item'>\n\t\t\t<div class='gallery-icon landscape'>\n\t\t\t\t<a href='https:\/\/www.chamaloni.gr\/fr\/le-village-de-finikounda\/olympus-digital-camera-13-2\/'><img loading=\"lazy\" decoding=\"async\" width=\"150\" height=\"150\" src=\"https:\/\/www.chamaloni.gr\/wp-content\/uploads\/2017\/08\/finikounda-methoni-castle-5-150x150.jpg\" class=\"attachment-thumbnail size-thumbnail\" alt=\"\" srcset=\"https:\/\/www.chamaloni.gr\/wp-content\/uploads\/2017\/08\/finikounda-methoni-castle-5-150x150.jpg 150w, https:\/\/www.chamaloni.gr\/wp-content\/uploads\/2017\/08\/finikounda-methoni-castle-5-100x100.jpg 100w\" sizes=\"(max-width: 150px) 100vw, 150px\" \/><\/a>\n\t\t\t<\/div><\/figure>\n\t\t<\/div>\n\n<p>&nbsp;<\/p>\n<p>&nbsp;<\/p>\n<p>&nbsp;<\/p>\n<p>&nbsp;<\/p>\n<p>&nbsp;<\/p>\n","protected":false},"excerpt":{"rendered":"<p>L\u2019auberge\u00a0Chamaloni\u00a0est situ\u00e9e au sud-ouest de la Mess\u00e9nie et elle est d\u00e9limit\u00e9e \u00e0 l\u2019ouest\u00a0par la mer Ionienne en formant des baies superbes. Finikounda\u00a0un village de p\u00eacheurs, petit est charmant avec beaucoup de tavernes\u00a0familiales qui servent de poisons frais chaque jour. De plus, les petits caf\u00e9s du village sont le\u00a0meilleur choix pour une boisson fraiche, avec une [&hellip;]<\/p>\n","protected":false},"author":2,"featured_media":0,"parent":0,"menu_order":0,"comment_status":"closed","ping_status":"closed","template":"","meta":{"_acf_changed":false,"_seopress_robots_primary_cat":"","_seopress_titles_title":"Le village de Finikounda est un village de p\u00eacheurs - Chamaloni","_seopress_titles_desc":"Le village de Finikounda est un village de p\u00eacheurs, petit est charmant avec beaucoup de tavernes\u00a0familiales qui servent de poisons frais chaque jour.","_seopress_robots_index":"","footnotes":""},"class_list":["post-2048","page","type-page","status-publish","hentry"],"acf":[],"_links":{"self":[{"href":"https:\/\/www.chamaloni.gr\/fr\/wp-json\/wp\/v2\/pages\/2048","targetHints":{"allow":["GET"]}}],"collection":[{"href":"https:\/\/www.chamaloni.gr\/fr\/wp-json\/wp\/v2\/pages"}],"about":[{"href":"https:\/\/www.chamaloni.gr\/fr\/wp-json\/wp\/v2\/types\/page"}],"author":[{"embeddable":true,"href":"https:\/\/www.chamaloni.gr\/fr\/wp-json\/wp\/v2\/users\/2"}],"replies":[{"embeddable":true,"href":"https:\/\/www.chamaloni.gr\/fr\/wp-json\/wp\/v2\/comments?post=2048"}],"version-history":[{"count":6,"href":"https:\/\/www.chamaloni.gr\/fr\/wp-json\/wp\/v2\/pages\/2048\/revisions"}],"predecessor-version":[{"id":2915,"href":"https:\/\/www.chamaloni.gr\/fr\/wp-json\/wp\/v2\/pages\/2048\/revisions\/2915"}],"wp:attachment":[{"href":"https:\/\/www.chamaloni.gr\/fr\/wp-json\/wp\/v2\/media?parent=2048"}],"curies":[{"name":"wp","href":"https:\/\/api.w.org\/{rel}","templated":true}]}}