{"id":2171,"date":"2018-01-22T11:33:26","date_gmt":"2018-01-22T09:33:26","guid":{"rendered":"http:\/\/foinikounda.gr\/?page_id=2171"},"modified":"2018-03-24T16:14:15","modified_gmt":"2018-03-24T14:14:15","slug":"comment-sy-rendre","status":"publish","type":"page","link":"https:\/\/www.chamaloni.gr\/fr\/comment-sy-rendre\/","title":{"rendered":"Comment s&rsquo;y rendre"},"content":{"rendered":"<h3>De l&rsquo;a\u00e9roport de Kalamata en voiture de location.<\/h3>\n<p>A la sortie de l&rsquo;a\u00e9roport, tourner \u00e0 droite et suivre les indications pour Pylos aux Rizomylos du village. Il vous tournez \u00e0 gauche \u00e0 Koroni, continue son chemin sans ne importe o\u00f9 pour tourner le village Charakopio. Ici vous tournez \u00e0 droite vers Yameia compl\u00e8tement. Attention! Absolument droite. Apr\u00e8s le village Yameia un kilom\u00e8tre, vous verrez notre panneau sur votre droite. Vous avez atteint l&rsquo;entr\u00e9e de notre propri\u00e9t\u00e9.<\/p>\n<h3>Route d&rsquo;Ath\u00e8nes.<\/h3>\n<p>Suivez les signes \u00e0 Tripoli, puis hors tension, puis \u00e0 Pylos. Dans le village Rizomylos tourner \u00e0 gauche vers Koroni et le village Charakopio compl\u00e8tement droit \u00e0 Yameia. 1 km apr\u00e8s le village Yameia est l&rsquo;entr\u00e9e de notre propri\u00e9t\u00e9. Sur votre droite, vous verrez notre enseigne.<\/p>\n<p>&nbsp;<\/p>\n<p><center><iframe style=\"border: 0;\" src=\"https:\/\/www.google.com\/maps\/embed?pb=!1m29!1m12!1m3!1d1622263.2621107607!2d21.690923219316222!3d37.42569469299089!2m3!1f0!2f0!3f0!3m2!1i1024!2i768!4f13.1!4m14!1i0!3e6!4m5!1s0x14a1bd1f067043f1%3A0x2736354576668ddd!2zzpHOuM6uzr3OsSwgzprOtc69z4TPgc65zrrPjM-CIM6kzr_OvM6tzrHPgiDOkc64zrfOvc-Ozr0!3m2!1d37.983917!2d23.7293599!4m5!1s0x13619d8cb26b3a95%3A0xf6ec5fac64027601!2zzp7Otc69z47Ovc61z4IgzqfOsc68zrHOu8-Ozr3OuSAtIENoYW1hbG9uaSBDb3R0YWdlcywgSWFtaWE!3m2!1d36.806047!2d21.850794!5e0!3m2!1sel!2sgr!4v1421615986203\" width=\"700\" height=\"918\" frameborder=\"0\" data-mce-fragment=\"1\"><\/iframe><\/center>Contactez Nous<\/p>\n\n<div class=\"wpcf7 no-js\" id=\"wpcf7-f2376-o1\" lang=\"en-US\" dir=\"ltr\" data-wpcf7-id=\"2376\">\n<div class=\"screen-reader-response\"><p role=\"status\" aria-live=\"polite\" aria-atomic=\"true\"><\/p> <ul><\/ul><\/div>\n<form action=\"\/fr\/wp-json\/wp\/v2\/pages\/2171#wpcf7-f2376-o1\" method=\"post\" class=\"wpcf7-form init\" aria-label=\"Contact form\" novalidate=\"novalidate\" data-status=\"init\">\n<fieldset class=\"hidden-fields-container\"><input type=\"hidden\" name=\"_wpcf7\" value=\"2376\" \/><input type=\"hidden\" name=\"_wpcf7_version\" value=\"6.1.5\" \/><input type=\"hidden\" name=\"_wpcf7_locale\" value=\"en_US\" \/><input type=\"hidden\" name=\"_wpcf7_unit_tag\" value=\"wpcf7-f2376-o1\" \/><input type=\"hidden\" name=\"_wpcf7_container_post\" value=\"0\" \/><input type=\"hidden\" name=\"_wpcf7_posted_data_hash\" value=\"\" \/><input type=\"hidden\" name=\"_wpcf7_recaptcha_response\" value=\"\" \/>\n<\/fieldset>\n<p><label> Nom complet (requis)<br \/>\n<span class=\"wpcf7-form-control-wrap\" data-name=\"your-name\"><input size=\"40\" maxlength=\"400\" class=\"wpcf7-form-control wpcf7-text wpcf7-validates-as-required\" aria-required=\"true\" aria-invalid=\"false\" value=\"\" type=\"text\" name=\"your-name\" \/><\/span> <\/label>\n<\/p>\n<p><label> Email (requis)<br \/>\n<span class=\"wpcf7-form-control-wrap\" data-name=\"your-email\"><input size=\"40\" maxlength=\"400\" class=\"wpcf7-form-control wpcf7-email wpcf7-validates-as-required wpcf7-text wpcf7-validates-as-email\" aria-required=\"true\" aria-invalid=\"false\" value=\"\" type=\"email\" name=\"your-email\" \/><\/span> <\/label>\n<\/p>\n<p><label> Assujettir<br \/>\n<span class=\"wpcf7-form-control-wrap\" data-name=\"your-subject\"><input size=\"40\" maxlength=\"400\" class=\"wpcf7-form-control wpcf7-text\" aria-invalid=\"false\" value=\"\" type=\"text\" name=\"your-subject\" \/><\/span> <\/label>\n<\/p>\n<p><label> Votre message<br \/>\n<span class=\"wpcf7-form-control-wrap\" data-name=\"your-message\"><textarea cols=\"40\" rows=\"10\" maxlength=\"2000\" class=\"wpcf7-form-control wpcf7-textarea\" aria-invalid=\"false\" name=\"your-message\"><\/textarea><\/span> <\/label><br \/>\n<br \/>\n<input class=\"wpcf7-form-control wpcf7-submit has-spinner\" type=\"submit\" value=\"Envoyer\" \/>\n<\/p><div class=\"wpcf7-response-output\" aria-hidden=\"true\"><\/div>\n<\/form>\n<\/div>\n\n","protected":false},"excerpt":{"rendered":"<p>De l&rsquo;a\u00e9roport de Kalamata en voiture de location. A la sortie de l&rsquo;a\u00e9roport, tourner \u00e0 droite et suivre les indications pour Pylos aux Rizomylos du village. Il vous tournez \u00e0 gauche \u00e0 Koroni, continue son chemin sans ne importe o\u00f9 pour tourner le village Charakopio. Ici vous tournez \u00e0 droite vers Yameia compl\u00e8tement. Attention! Absolument [&hellip;]<\/p>\n","protected":false},"author":2,"featured_media":2506,"parent":0,"menu_order":0,"comment_status":"closed","ping_status":"closed","template":"","meta":{"_acf_changed":false,"_seopress_robots_primary_cat":"","_seopress_titles_title":"","_seopress_titles_desc":"","_seopress_robots_index":"","footnotes":""},"class_list":["post-2171","page","type-page","status-publish","has-post-thumbnail","hentry"],"acf":[],"_links":{"self":[{"href":"https:\/\/www.chamaloni.gr\/fr\/wp-json\/wp\/v2\/pages\/2171","targetHints":{"allow":["GET"]}}],"collection":[{"href":"https:\/\/www.chamaloni.gr\/fr\/wp-json\/wp\/v2\/pages"}],"about":[{"href":"https:\/\/www.chamaloni.gr\/fr\/wp-json\/wp\/v2\/types\/page"}],"author":[{"embeddable":true,"href":"https:\/\/www.chamaloni.gr\/fr\/wp-json\/wp\/v2\/users\/2"}],"replies":[{"embeddable":true,"href":"https:\/\/www.chamaloni.gr\/fr\/wp-json\/wp\/v2\/comments?post=2171"}],"version-history":[{"count":2,"href":"https:\/\/www.chamaloni.gr\/fr\/wp-json\/wp\/v2\/pages\/2171\/revisions"}],"predecessor-version":[{"id":2384,"href":"https:\/\/www.chamaloni.gr\/fr\/wp-json\/wp\/v2\/pages\/2171\/revisions\/2384"}],"wp:featuredmedia":[{"embeddable":true,"href":"https:\/\/www.chamaloni.gr\/fr\/wp-json\/wp\/v2\/media\/2506"}],"wp:attachment":[{"href":"https:\/\/www.chamaloni.gr\/fr\/wp-json\/wp\/v2\/media?parent=2171"}],"curies":[{"name":"wp","href":"https:\/\/api.w.org\/{rel}","templated":true}]}}