{"id":2343,"date":"2018-03-04T12:25:34","date_gmt":"2018-03-04T10:25:34","guid":{"rendered":"http:\/\/foinikounda.gr\/?page_id=2343"},"modified":"2018-03-24T16:14:16","modified_gmt":"2018-03-24T14:14:16","slug":"2343-2","status":"publish","type":"page","link":"https:\/\/www.chamaloni.gr\/fr\/2343-2\/","title":{"rendered":"Termes et conditions"},"content":{"rendered":"<p><span style=\"font-weight: 400;\">Le client pourra annuler gratuitement sa r\u00e9servation jusqu&rsquo;\u00e0 22 jours avant l&rsquo;arriv\u00e9e. Le client devra verser 30 % du montant total s&rsquo;il annule dans les 22 jours pr\u00e9c\u00e9dant l&rsquo;arriv\u00e9e.<\/span><\/p>\n<p><span style=\"font-weight: 400;\">Le client devra payer \u00e0 l&rsquo;avance 30 % du montant total apr\u00e8s avoir r\u00e9serv\u00e9,\u00a0dans l&rsquo;un des comptes bancaires suivants:<\/span><\/p>\n<p>&nbsp;<\/p>\n<p><strong>National Bank of Greece<\/strong><\/p>\n<p>Tampakoulaki Eugenia<\/p>\n<p>iban: GR2001103890000038974636938<\/p>\n<p>SWIFT: ETHNGRAA<\/p>\n<p><strong>Winbank<\/strong><\/p>\n<p>Tampakoulaki Eugenia<\/p>\n<p>iban:\u00a0GR24 0171 3510 0063 5113 6374 680<\/p>\n<p>SWIFT: PIRBGRAA<\/p>\n<p>&nbsp;<\/p>\n<p><span style=\"font-weight: 400;\">Tous les enfants sont les bienvenus.<\/span><\/p>\n<p><span style=\"font-weight: 400;\">Tous les enfants de moins de 2 ans s\u00e9journent \u00e0 titre gracieux pour l&rsquo;utilisation des lits b\u00e9b\u00e9s.<\/span><\/p>\n<p><span style=\"font-weight: 400;\">Le nombre maximum de lit d&rsquo;appoint en chambre est \u00e9gal \u00e0 1.<\/span><\/p>\n<p>&nbsp;<\/p>\n<h4><strong>Horaires d&rsquo;arriv\u00e9e et de d\u00e9part<\/strong><\/h4>\n<h4><span style=\"font-weight: 400;\">Arriv\u00e9e de 14h00 \u00e0 0h00<\/span><\/h4>\n<h4><span style=\"font-weight: 400;\">D\u00e9part de 7h00 \u00e0 12h00<\/span><\/h4>\n","protected":false},"excerpt":{"rendered":"<p>Le client pourra annuler gratuitement sa r\u00e9servation jusqu&rsquo;\u00e0 22 jours avant l&rsquo;arriv\u00e9e. Le client devra verser 30 % du montant total s&rsquo;il annule dans les 22 jours pr\u00e9c\u00e9dant l&rsquo;arriv\u00e9e. Le client devra payer \u00e0 l&rsquo;avance 30 % du montant total apr\u00e8s avoir r\u00e9serv\u00e9,\u00a0dans l&rsquo;un des comptes bancaires suivants: &nbsp; National Bank of Greece Tampakoulaki Eugenia [&hellip;]<\/p>\n","protected":false},"author":2,"featured_media":0,"parent":0,"menu_order":0,"comment_status":"closed","ping_status":"closed","template":"","meta":{"_acf_changed":false,"_seopress_robots_primary_cat":"","_seopress_titles_title":"","_seopress_titles_desc":"","_seopress_robots_index":"","footnotes":""},"class_list":["post-2343","page","type-page","status-publish","hentry"],"acf":[],"_links":{"self":[{"href":"https:\/\/www.chamaloni.gr\/fr\/wp-json\/wp\/v2\/pages\/2343","targetHints":{"allow":["GET"]}}],"collection":[{"href":"https:\/\/www.chamaloni.gr\/fr\/wp-json\/wp\/v2\/pages"}],"about":[{"href":"https:\/\/www.chamaloni.gr\/fr\/wp-json\/wp\/v2\/types\/page"}],"author":[{"embeddable":true,"href":"https:\/\/www.chamaloni.gr\/fr\/wp-json\/wp\/v2\/users\/2"}],"replies":[{"embeddable":true,"href":"https:\/\/www.chamaloni.gr\/fr\/wp-json\/wp\/v2\/comments?post=2343"}],"version-history":[{"count":2,"href":"https:\/\/www.chamaloni.gr\/fr\/wp-json\/wp\/v2\/pages\/2343\/revisions"}],"predecessor-version":[{"id":2352,"href":"https:\/\/www.chamaloni.gr\/fr\/wp-json\/wp\/v2\/pages\/2343\/revisions\/2352"}],"wp:attachment":[{"href":"https:\/\/www.chamaloni.gr\/fr\/wp-json\/wp\/v2\/media?parent=2343"}],"curies":[{"name":"wp","href":"https:\/\/api.w.org\/{rel}","templated":true}]}}