{"id":6247,"date":"2025-10-19T22:03:23","date_gmt":"2025-10-19T19:03:23","guid":{"rendered":"https:\/\/www.chamaloni.gr\/?page_id=6247"},"modified":"2026-02-16T17:44:39","modified_gmt":"2026-02-16T15:44:39","slug":"bienvenue-hamaloni","status":"publish","type":"page","link":"https:\/\/www.chamaloni.gr\/fr\/bienvenue-hamaloni\/","title":{"rendered":"Bienvenue"},"content":{"rendered":"<h2>Chers invit\u00e9s,<\/h2>\n<p>Nous sommes ravis de vous accueillir dans notre charmant g\u00eete, un lieu paisible o\u00f9 confort et nature se rencontrent. Sentez-vous comme chez vous et profitez pleinement de votre s\u00e9jour dans notre domaine. Que vous soyez ici pour vous d\u00e9tendre, explorer ou partager des moments en famille, nous avons pr\u00e9par\u00e9 pour vous un cadre agr\u00e9able et accueillant.<\/p>\n<h2>Explorez et d\u00e9couvrez<\/h2>\n<p>Promenez-vous dans notre domaine, admirez les paysages environnants et laissez-vous s\u00e9duire par la beaut\u00e9 de la nature. Nos v\u00e9los sont \u00e0 votre disposition pour partir \u00e0 l\u2019aventure et explorer les environs \u00e0 votre rythme.<\/p>\n<p>Rencontres avec les animaux<br \/>\nVenez rencontrer nos animaux de la ferme ! Nous serons heureux de vous indiquer les horaires de nourriture afin que vous puissiez partager un moment unique avec eux.<\/p>\n<p>Activit\u00e9s et bien-\u00eatre<br \/>\nPour votre d\u00e9tente, nous proposons des cours de yoga chaque mercredi et dimanche matin, parfaits pour se ressourcer. Les cours durent 90 minutes (de 10:00 \u00e0 11:30) et co\u00fbtent 15 \u20ac\/personne. Sur rendez-vous, vous pouvez \u00e9galement profiter de massages et de soins manicure-p\u00e9dicure.<\/p>\n<p>D\u00e9couverte locale<br \/>\nNotre domaine produit de l\u2019huile d\u2019olive biologique \u00e0 partir d\u2019olives de Kalamata.<br \/>\nRenseignez-vous sur les prix et la disponibilit\u00e9. Pendant la saison de r\u00e9colte, vous pouvez participer \u00e0 ce processus et d\u00e9couvrir l\u2019art de la production de ce grec exceptionnel.<\/p>\n<p>Promenades et excursions<br \/>\nDes sentiers et des promenades autour des collines vous permettront de d\u00e9couvrir des paysages magnifiques et des lieux typiques. Que vous soyez amateur de randonn\u00e9e ou de balades tranquilles, il y a toujours quelque chose \u00e0 explorer. Nous esp\u00e9rons que votre s\u00e9jour ici sera m\u00e9morable et que vous repartirez avec de beaux souvenirs.<\/p>\n<p>&nbsp;<\/p>\n<h2>Liens utiles (avec distances)<\/h2>\n<p>\u2022 Supermarch\u00e9 Vergis \u00e0 Charakopeio (7,8 km)<br \/>\n<a href=\"https:\/\/maps.app.goo.gl\/eB4NeWJXamwDL8AT8\">https:\/\/maps.app.goo.gl\/eB4NeWJXamwDL8AT8<\/a><br \/>\n\u2022 Supermarch\u00e9 Mourgis avant Koroni (10,2 km)<br \/>\n<a href=\"https:\/\/maps.app.goo.gl\/w4HxSWy51XY18ShJ7\">https:\/\/maps.app.goo.gl\/w4HxSWy51XY18ShJ7<\/a><br \/>\n\u2022 Pharmacie Saratsioti \u00e0 Charakopeio (7,6 km), T\u00e9l. : 27250 41305<br \/>\n<a href=\"https:\/\/maps.app.goo.gl\/gzchbQdPXz41bsu69\">https:\/\/maps.app.goo.gl\/gzchbQdPXz41bsu69<\/a><br \/>\n\u2022 Pharmacie Georgakopoulou \u00e0 Charakopeio (7,6 km), T\u00e9l. : 27250 41000<br \/>\n<a href=\"https:\/\/maps.app.goo.gl\/84yy2iZPnZsrsQTb6\">https:\/\/maps.app.goo.gl\/84yy2iZPnZsrsQTb6<\/a><br \/>\n\u2022 Centre m\u00e9dical municipal de Charakopeio (7,6 km), T\u00e9l. : 27250 41233<br \/>\n\u2022 Supermarch\u00e9-boulangerie Christopoulos \u00e0 Finikounda (6,8 km)<br \/>\n<a href=\"https:\/\/maps.app.goo.gl\/ginza6nZdGtNMxXS9\">https:\/\/maps.app.goo.gl\/ginza6nZdGtNMxXS9<\/a><\/p>\n<p>\u2022 Supermarch\u00e9 Medusa \u00e0 Finikounda (8,6 km)<br \/>\n<a href=\"https:\/\/maps.app.goo.gl\/3RtciGm5AvQK7pGn6\">https:\/\/maps.app.goo.gl\/3RtciGm5AvQK7pGn6<\/a><br \/>\n\u2022 Centre de sant\u00e9 \u00e0 Pylos pour toute urgence<br \/>\n<a href=\"https:\/\/maps.app.goo.gl\/7S41vs1R4td9mRTn8\">https:\/\/maps.app.goo.gl\/7S41vs1R4td9mRTn8<\/a><br \/>\n\u2022 P\u00e9diatre : Michail Evangelos \u00e0 Pylos et Koroni, T\u00e9l. : 27230 22258<br \/>\nSuggestions pour degustation gastronomique<br \/>\n\u2022 Grill Platano dans le village de Kaplani (1,5 km des G\u00eetes Hamaloni), id\u00e9al<br \/>\npour les familles<br \/>\n<a href=\"https:\/\/share.google\/kuFPdDRosuiI5ZmGm\">https:\/\/share.google\/kuFPdDRosuiI5ZmGm<\/a><br \/>\n\u2022 Taverne Meraki dans le village de Kamaria<br \/>\n<a href=\"https:\/\/share.google\/UiVKUxekU6nNad8Ab\">https:\/\/share.google\/UiVKUxekU6nNad8Ab<\/a><br \/>\n\u2022 Yalo Yalo \u00e0 Finikounda, repas au bord de la mer<br \/>\n<a href=\"https:\/\/share.google\/U1NF0glssh5YrvJZ2\">https:\/\/share.google\/U1NF0glssh5YrvJZ2<\/a><br \/>\n\u2022 Taverne Foumaristis, id\u00e9ale pour les familles<br \/>\n<a href=\"https:\/\/share.google\/OpbPSybmIiYh7MPNv\">https:\/\/share.google\/OpbPSybmIiYh7MPNv<\/a><br \/>\n\u2022 Taverne Nikos dans le village de Vasilitsi<br \/>\n<a href=\"https:\/\/share.google\/j81DD5kPtzcUDus6L\">https:\/\/share.google\/j81DD5kPtzcUDus6L<\/a><br \/>\n\u2022 Taverne Maria et Taverne Tsapi sur la plage de Tsapi, quelle que soit votre<br \/>\nchoix, vous mangerez bien<br \/>\n<a href=\"https:\/\/maps.app.goo.gl\/UN1iNJojahmNEjso7\">https:\/\/maps.app.goo.gl\/UN1iNJojahmNEjso7<\/a><br \/>\n\u2022 Taverne Tsapogas sur la plage de Loutsa<br \/>\n<a href=\"https:\/\/maps.app.goo.gl\/3f3kkUFALmAVyVepm\">https:\/\/maps.app.goo.gl\/3f3kkUFALmAVyVepm<\/a><br \/>\n\u2022 Taverne Alektor \u00e0 Methoni<br \/>\n<a href=\"https:\/\/maps.app.goo.gl\/ovbJwAr7XBDxkGArS\">https:\/\/maps.app.goo.gl\/ovbJwAr7XBDxkGArS<\/a><br \/>\n\u2022 Taverne Klimataria \u00e0 Methoni<br \/>\n<a href=\"https:\/\/maps.app.goo.gl\/8mxuhzauoIh4Yq19I\">https:\/\/maps.app.goo.gl\/8mxuhzauoIh4Yq19I<\/a><br \/>\n\u2022 Taverne Nikos \u00e0 Methoni<br \/>\n<a href=\"https:\/\/maps.app.goo.gl\/oVvTljiT7fRY0HSoh\">https:\/\/maps.app.goo.gl\/oVvTljiT7fRY0HSoh<\/a><br \/>\n\u2022 Restaurant Kastro pour admirer le coucher du soleil \u00e0 Methoni<br \/>\n<a href=\"https:\/\/maps.app.goo.gl\/jIojO5HzjJarSaTs0\">https:\/\/maps.app.goo.gl\/jIojO5HzjJarSaTs0<\/a><br \/>\n\u2022 Cuisine alternative Katsarola \u00e0 Methoni<br \/>\n<a href=\"https:\/\/maps.app.goo.gl\/zRTBWcwKbPxPUku0m\">https:\/\/maps.app.goo.gl\/zRTBWcwKbPxPUku0m<\/a><br \/>\n\u2022 Restaurant Elia \u00e0 Gialova<br \/>\n<a href=\"https:\/\/maps.app.goo.gl\/1PmzxarmJFTeW2XfK\">https:\/\/maps.app.goo.gl\/1PmzxarmJFTeW2XfK<\/a><br \/>\n\u2022 Cr\u00eaperie-bar Almyro Glyko \u00e0 Finikounda, bons cocktails<br \/>\n<a href=\"https:\/\/share.google\/IUNSXmVjRzugC2TP2\">https:\/\/share.google\/IUNSXmVjRzugC2TP2<\/a><br \/>\n\u2022 Bar-cr\u00eaperie Sea Breeze \u00e0 Methoni<br \/>\n<a href=\"https:\/\/share.google\/BIACzosrKBCG2RQIK\">https:\/\/share.google\/BIACzosrKBCG2RQIK<\/a><\/p>\n<p>Les suggestions ci-dessus sont indicatives. \u00c0 Finikounda, Koroni, Methoni, Gialova et Pylos, vous trouverez de nombreuses options pour manger et boire, ainsi que des magasins de souvenirs et des produits locaux.<\/p>\n<h2><\/h2>\n<h2>Sites touristiques et plages<\/h2>\n<p>\u2022 Plage de Loutsa, \u00e0 4 km des g\u00eetes, calme et pittoresque avec 2 snacks et la<br \/>\ntaverne Tsapogas<br \/>\n<a href=\"https:\/\/maps.app.goo.gl\/e8MFHctoDHFvToHW9\">https:\/\/maps.app.goo.gl\/e8MFHctoDHFvToHW9<\/a><br \/>\n\u2022 Plage de Finikounda, relativement profonde, tr\u00e8s propre, possibilit\u00e9 de louer<br \/>\nun bateau pour explorer les baies environnantes, tavernes, cr\u00eaperies, caf\u00e9s et<br \/>\nsupermarch\u00e9s. Devant la cr\u00eaperie Almyro Glyko, des structures flottantes pour les enfants en \u00e9t\u00e9<br \/>\n<a href=\"https:\/\/maps.app.goo.gl\/grzgvdBmoiBPap5M7\">https:\/\/maps.app.goo.gl\/grzgvdBmoiBPap5M7<\/a><br \/>\n\u2022 Plage Anemomylos, juste apr\u00e8s la baie de Finikounda, longue, propre,<br \/>\norganis\u00e9e, accueille des surfeurs et \u00e9coles de surf<br \/>\n<a href=\"https:\/\/maps.app.goo.gl\/aizmpzWcVdHbyAFj9\">https:\/\/maps.app.goo.gl\/aizmpzWcVdHbyAFj9<\/a><br \/>\n\u2022 Plage Lampes, peu profonde, id\u00e9ale pour les jeux de sable, organis\u00e9e et<br \/>\nparfaite pour les familles, possibilit\u00e9 de louer des p\u00e9dalos<br \/>\n<a href=\"https:\/\/maps.app.goo.gl\/A5JfdKLJhupDSD2M7\">https:\/\/maps.app.goo.gl\/A5JfdKLJhupDSD2M7<\/a><br \/>\n\u2022 Plage Tsapi, calme et magnifique, avec deux tavernes proposant du poisson<br \/>\nfrais et de la cuisine grecque<br \/>\n<a href=\"https:\/\/maps.app.goo.gl\/YqHtvYUUa4dWSPebA\">https:\/\/maps.app.goo.gl\/YqHtvYUUa4dWSPebA<\/a><br \/>\n\u2022 Plage de Methoni, pittoresque et peu profonde, dans le village historique de<br \/>\nMethoni. Possibilit\u00e9 de louer un bateau pour visiter les \u00eeles Oinousses, Schiza,<br \/>\nAgia Marina et Sapientza<br \/>\n<a href=\"https:\/\/maps.app.goo.gl\/UJx82CkAzyDwwuLk7\">https:\/\/maps.app.goo.gl\/UJx82CkAzyDwwuLk7<\/a><br \/>\n<a href=\"https:\/\/alexseaexperience.com\/\">https:\/\/alexseaexperience.com\/<\/a><br \/>\n\u2022 Plage Zaga, sous le monast\u00e8re Eleistria \u00e0 Koroni, organis\u00e9e et naturellement<br \/>\nbelle<br \/>\n<a href=\"https:\/\/maps.app.goo.gl\/pPJehX5jN6fZz62cA\">https:\/\/maps.app.goo.gl\/pPJehX5jN6fZz62cA<\/a><br \/>\n\u2022 Plage Peroulia, magnifique, exotique et organis\u00e9e, id\u00e9ale pour les familles<br \/>\n<a href=\"https:\/\/maps.app.goo.gl\/rfsM8crHjr2J8XEK6\">https:\/\/maps.app.goo.gl\/rfsM8crHjr2J8XEK6<\/a><br \/>\n\u2022 Plage Agia Triada avant Koroni, isol\u00e9e, courte marche (5\u2019), pas \u00e9quip\u00e9e<br \/>\npr\u00e9voir eau, en-cas et parasol (ombre naturelle disponible apr\u00e8s-midi)<br \/>\n<a href=\"https:\/\/maps.app.goo.gl\/LNhxx52D4r9FF8yv6\">https:\/\/maps.app.goo.gl\/LNhxx52D4r9FF8yv6<\/a><br \/>\n\u2022 Plage Voidokilia, beaut\u00e9 unique, non \u00e9quip\u00e9e, tr\u00e8s fr\u00e9quent\u00e9e en \u00e9t\u00e9,<br \/>\nincontournable<br \/>\n<a href=\"https:\/\/maps.app.goo.gl\/SjTgwgz2mMhLrfVF8\">https:\/\/maps.app.goo.gl\/SjTgwgz2mMhLrfVF8<\/a><br \/>\n\u2022 Polylimnio, id\u00e9al pour les amoureux de la nature et de l\u2019aventure. \u00c0 environ<br \/>\n50 minutes de g\u00eetes, pr\u00e9voir des chaussures de sport, de l&rsquo;eau et un chapeau. Sentier<br \/>\naccessible, certains passages n\u00e9cessitent un peu d\u2019escalade<br \/>\n<a href=\"https:\/\/maps.app.goo.gl\/8e5jZWjxY26qFAks5\">https:\/\/maps.app.goo.gl\/8e5jZWjxY26qFAks5<\/a><\/p>\n<p>&nbsp;<\/p>\n<p>Nous restons \u00e0 votre disposition pour toute demande.<\/p>\n<p>Nous vous souhaitons un excellent s\u00e9jour!<\/p>\n<p>Cordialement,<br \/>\n<strong>La famille de Hamaloni<\/strong><\/p>\n","protected":false},"excerpt":{"rendered":"<p>Chers invit\u00e9s, Nous sommes ravis de vous accueillir dans notre charmant g\u00eete, un lieu paisible o\u00f9 confort et nature se rencontrent. Sentez-vous comme chez vous et profitez pleinement de votre s\u00e9jour dans notre domaine. Que vous soyez ici pour vous d\u00e9tendre, explorer ou partager des moments en famille, nous avons pr\u00e9par\u00e9 pour vous un cadre [&hellip;]<\/p>\n","protected":false},"author":1,"featured_media":0,"parent":0,"menu_order":0,"comment_status":"closed","ping_status":"closed","template":"","meta":{"_acf_changed":false,"_seopress_robots_primary_cat":"","_seopress_titles_title":"","_seopress_titles_desc":"","_seopress_robots_index":"","footnotes":""},"class_list":["post-6247","page","type-page","status-publish","hentry"],"acf":[],"_links":{"self":[{"href":"https:\/\/www.chamaloni.gr\/fr\/wp-json\/wp\/v2\/pages\/6247","targetHints":{"allow":["GET"]}}],"collection":[{"href":"https:\/\/www.chamaloni.gr\/fr\/wp-json\/wp\/v2\/pages"}],"about":[{"href":"https:\/\/www.chamaloni.gr\/fr\/wp-json\/wp\/v2\/types\/page"}],"author":[{"embeddable":true,"href":"https:\/\/www.chamaloni.gr\/fr\/wp-json\/wp\/v2\/users\/1"}],"replies":[{"embeddable":true,"href":"https:\/\/www.chamaloni.gr\/fr\/wp-json\/wp\/v2\/comments?post=6247"}],"version-history":[{"count":2,"href":"https:\/\/www.chamaloni.gr\/fr\/wp-json\/wp\/v2\/pages\/6247\/revisions"}],"predecessor-version":[{"id":6279,"href":"https:\/\/www.chamaloni.gr\/fr\/wp-json\/wp\/v2\/pages\/6247\/revisions\/6279"}],"wp:attachment":[{"href":"https:\/\/www.chamaloni.gr\/fr\/wp-json\/wp\/v2\/media?parent=6247"}],"curies":[{"name":"wp","href":"https:\/\/api.w.org\/{rel}","templated":true}]}}